{"id":8450,"date":"2018-11-20T13:03:31","date_gmt":"2018-11-20T12:03:31","guid":{"rendered":"https:\/\/inerciadigital.com\/?page_id=8450"},"modified":"2020-06-02T14:47:08","modified_gmt":"2020-06-02T12:47:08","slug":"blog","status":"publish","type":"page","link":"https:\/\/inerciadigital.com\/es\/blog\/","title":{"rendered":"Blog"},"content":{"rendered":"<div  class='av-alb-blogposts template-blog  '  itemscope=\"itemscope\" itemtype=\"https:\/\/schema.org\/Blog\" ><article class=\"post-entry post-entry-type-standard post-entry-18068 post-loop-1 post-parity-odd multi-big with-slider post-18068 post type-post status-publish format-standard has-post-thumbnail hentry category-plazo-abierto\"  itemscope=\"itemscope\" itemtype=\"https:\/\/schema.org\/BlogPosting\" ><div class=\"blog-meta\"><a href='https:\/\/inerciadigital.com\/es\/author\/franciscojgomez\/' class='post-author-format-type'><span class='rounded-container'><img loading=\"lazy\" decoding=\"async\" alt='Francisco Javier Gomez Martin' src=\"https:\/\/secure.gravatar.com\/avatar\/01cf583b7e3853a9cb02fe9c5aa5fe1c10031e6ee8200669b90e00f1fcd5ac7f?s=81&#038;d=blank&#038;r=g\" srcset='https:\/\/secure.gravatar.com\/avatar\/01cf583b7e3853a9cb02fe9c5aa5fe1c10031e6ee8200669b90e00f1fcd5ac7f?s=162&#038;d=blank&#038;r=g 2x' class='avatar avatar-81 photo' height=\"81\" width=\"81\" \/><span class='iconfont avia-svg-icon avia-font-svg_entypo-fontello' data-av_svg_icon='pencil' data-av_iconset='svg_entypo-fontello' ><svg version=\"1.1\" xmlns=\"http:\/\/www.w3.org\/2000\/svg\" width=\"25\" height=\"32\" viewBox=\"0 0 25 32\" preserveAspectRatio=\"xMidYMid meet\" role=\"graphics-symbol\" aria-hidden=\"true\">\n<path d=\"M22.976 5.44q1.024 1.024 1.504 2.048t0.48 1.536v0.512l-8.064 8.064-9.28 9.216-7.616 1.664 1.6-7.68 9.28-9.216 8.064-8.064q1.728-0.384 4.032 1.92zM7.168 25.92l0.768-0.768q-0.064-1.408-1.664-3.008-0.704-0.704-1.44-1.12t-1.12-0.416l-0.448-0.064-0.704 0.768-0.576 2.56q0.896 0.512 1.472 1.088 0.768 0.768 1.152 1.536z\"><\/path>\n<\/svg><\/span><\/span><\/a><\/div><div class='entry-content-wrapper clearfix standard-content'><header class=\"entry-content-header\" aria-label=\"Post: FORMACI\u00d3N DE FORMADORES\"><div class=\"av-heading-wrapper\"><h2 class='post-title entry-title '  itemprop=\"headline\" ><a href=\"https:\/\/inerciadigital.com\/es\/2023\/10\/02\/formacion-de-formadores\/\" rel=\"bookmark\" title=\"Enlace permanente: FORMACI\u00d3N DE FORMADORES\">FORMACI\u00d3N DE FORMADORES<span class=\"post-format-icon minor-meta\"><\/span><\/a><\/h2><span class=\"blog-categories minor-meta\"><a href=\"https:\/\/inerciadigital.com\/es\/category\/plazo-abierto\/\" rel=\"tag\">Plazo Abierto<\/a><\/span><\/div><\/header><span class=\"av-vertical-delimiter\"><\/span><div class=\"big-preview multi-big\"  itemprop=\"image\" itemscope=\"itemscope\" itemtype=\"https:\/\/schema.org\/ImageObject\" ><a href=\"https:\/\/inerciadigital.com\/es\/2023\/10\/02\/formacion-de-formadores\/\"  title=\"1\" ><img decoding=\"async\" loading=\"lazy\" width=\"540\" height=\"321\" src=\"https:\/\/i0.wp.com\/inerciadigital.com\/wp-content\/uploads\/2023\/10\/1.png?resize=540%2C321&amp;ssl=1\" class=\"wp-image-18059 avia-img-lazy-loading-18059 attachment-entry_with_sidebar size-entry_with_sidebar wp-post-image\" alt=\"\" \/><\/a><\/div><div class=\"entry-content\"  itemprop=\"text\" >\u00bfQuieres ser formador\/a?. Con este curso te adentrar\u00e1s en el mundo de la ense\u00f1anza y aprender\u00e1s diferentes m\u00e9todos de aprendizajes y herramientas para&#8230;<div class=\"read-more-link\"><a href=\"https:\/\/inerciadigital.com\/es\/2023\/10\/02\/formacion-de-formadores\/\" class=\"more-link\">Leer m\u00e1s<span class='more-link-arrow avia-svg-icon avia-font-svg_entypo-fontello' data-av_svg_icon='right-open-big' data-av_iconset='svg_entypo-fontello'><svg version=\"1.1\" xmlns=\"http:\/\/www.w3.org\/2000\/svg\" width=\"15\" height=\"32\" viewBox=\"0 0 15 32\" preserveAspectRatio=\"xMidYMid meet\" role=\"graphics-symbol\" aria-hidden=\"true\">\n<path d=\"M0.416 27.84l11.456-11.84-11.456-11.904q-0.832-0.832 0-1.536 0.832-0.832 1.536 0l12.544 12.608q0.768 0.832 0 1.6l-12.544 12.608q-0.704 0.832-1.536 0-0.832-0.704 0-1.536z\"><\/path>\n<\/svg><\/span><\/a><\/div><\/div><span class=\"post-meta-infos\"><time class=\"date-container minor-meta updated\"  itemprop=\"datePublished\" datetime=\"2023-10-02T13:39:13+02:00\" >2 de octubre de 2023<\/time><span class=\"text-sep\">\/<\/span><span class=\"comment-container minor-meta\"><a href=\"https:\/\/inerciadigital.com\/es\/2023\/10\/02\/formacion-de-formadores\/#respond\" class=\"comments-link\" >0 Comentarios<\/a><\/span><span class=\"text-sep\">\/<\/span><span class=\"blog-author minor-meta\">por <span class=\"entry-author-link\"  itemprop=\"author\" ><span class=\"author\"><span class=\"fn\"><a href=\"https:\/\/inerciadigital.com\/es\/author\/franciscojgomez\/\" title=\"Entradas de Francisco Javier Gomez Martin\" rel=\"author\">Francisco Javier Gomez Martin<\/a><\/span><\/span><\/span><\/span><\/span><footer class=\"entry-footer\"><\/footer><div class='post_delimiter'><\/div><\/div><div class=\"post_author_timeline\"><\/div><span class='hidden'>\n\t\t\t\t<span class='av-structured-data'  itemprop=\"image\" itemscope=\"itemscope\" itemtype=\"https:\/\/schema.org\/ImageObject\" >\n\t\t\t\t\t\t<span itemprop='url'>https:\/\/i0.wp.com\/inerciadigital.com\/wp-content\/uploads\/2023\/10\/1.png?fit=540%2C540&ssl=1<\/span>\n\t\t\t\t\t\t<span itemprop='height'>540<\/span>\n\t\t\t\t\t\t<span itemprop='width'>540<\/span>\n\t\t\t\t<\/span>\n\t\t\t\t<span class='av-structured-data'  itemprop=\"publisher\" itemtype=\"https:\/\/schema.org\/Organization\" itemscope=\"itemscope\" >\n\t\t\t\t\t\t<span itemprop='name'>Francisco Javier Gomez Martin<\/span>\n\t\t\t\t\t\t<span itemprop='logo' itemscope itemtype='https:\/\/schema.org\/ImageObject'>\n\t\t\t\t\t\t\t<span itemprop='url'>https:\/\/inerciadigital.com\/wp-content\/uploads\/2018\/11\/transparente-1030x642.png<\/span>\n\t\t\t\t\t\t<\/span>\n\t\t\t\t<\/span><span class='av-structured-data'  itemprop=\"author\" itemscope=\"itemscope\" itemtype=\"https:\/\/schema.org\/Person\" ><span itemprop='name'>Francisco Javier Gomez Martin<\/span><\/span><span class='av-structured-data'  itemprop=\"datePublished\" datetime=\"2023-10-02T13:39:13+02:00\" >2023-10-02 13:39:13<\/span><span class='av-structured-data'  itemprop=\"dateModified\" itemtype=\"https:\/\/schema.org\/dateModified\" >2025-01-27 11:48:06<\/span><span class='av-structured-data'  itemprop=\"mainEntityOfPage\" itemtype=\"https:\/\/schema.org\/mainEntityOfPage\" ><span itemprop='name'>FORMACI\u00d3N DE FORMADORES<\/span><\/span><\/span><\/article><article class=\"post-entry post-entry-type-standard post-entry-18217 post-loop-2 post-parity-even post-entry-last multi-big with-slider post-18217 post type-post status-publish format-standard has-post-thumbnail hentry category-plazo-abierto\"  itemscope=\"itemscope\" itemtype=\"https:\/\/schema.org\/BlogPosting\" ><div class=\"blog-meta\"><a href='https:\/\/inerciadigital.com\/es\/author\/franciscojgomez\/' class='post-author-format-type'><span class='rounded-container'><img loading=\"lazy\" decoding=\"async\" alt='Francisco Javier Gomez Martin' src=\"https:\/\/secure.gravatar.com\/avatar\/01cf583b7e3853a9cb02fe9c5aa5fe1c10031e6ee8200669b90e00f1fcd5ac7f?s=81&#038;d=blank&#038;r=g\" srcset='https:\/\/secure.gravatar.com\/avatar\/01cf583b7e3853a9cb02fe9c5aa5fe1c10031e6ee8200669b90e00f1fcd5ac7f?s=162&#038;d=blank&#038;r=g 2x' class='avatar avatar-81 photo' height=\"81\" width=\"81\" \/><span class='iconfont avia-svg-icon avia-font-svg_entypo-fontello' data-av_svg_icon='pencil' data-av_iconset='svg_entypo-fontello' ><svg version=\"1.1\" xmlns=\"http:\/\/www.w3.org\/2000\/svg\" width=\"25\" height=\"32\" viewBox=\"0 0 25 32\" preserveAspectRatio=\"xMidYMid meet\" role=\"graphics-symbol\" aria-hidden=\"true\">\n<path d=\"M22.976 5.44q1.024 1.024 1.504 2.048t0.48 1.536v0.512l-8.064 8.064-9.28 9.216-7.616 1.664 1.6-7.68 9.28-9.216 8.064-8.064q1.728-0.384 4.032 1.92zM7.168 25.92l0.768-0.768q-0.064-1.408-1.664-3.008-0.704-0.704-1.44-1.12t-1.12-0.416l-0.448-0.064-0.704 0.768-0.576 2.56q0.896 0.512 1.472 1.088 0.768 0.768 1.152 1.536z\"><\/path>\n<\/svg><\/span><\/span><\/a><\/div><div class='entry-content-wrapper clearfix standard-content'><header class=\"entry-content-header\" aria-label=\"Post: SEGURIDAD INFORM\u00c1TICA EN ENTORNOS DE TELETRABAJO\"><div class=\"av-heading-wrapper\"><h2 class='post-title entry-title '  itemprop=\"headline\" ><a href=\"https:\/\/inerciadigital.com\/es\/2023\/10\/02\/seguridad-informatica-en-entornos-de-teletrabajo\/\" rel=\"bookmark\" title=\"Enlace permanente: SEGURIDAD INFORM\u00c1TICA EN ENTORNOS DE TELETRABAJO\">SEGURIDAD INFORM\u00c1TICA EN ENTORNOS DE TELETRABAJO<span class=\"post-format-icon minor-meta\"><\/span><\/a><\/h2><span class=\"blog-categories minor-meta\"><a href=\"https:\/\/inerciadigital.com\/es\/category\/plazo-abierto\/\" rel=\"tag\">Plazo Abierto<\/a><\/span><\/div><\/header><span class=\"av-vertical-delimiter\"><\/span><div class=\"big-preview multi-big\"  itemprop=\"image\" itemscope=\"itemscope\" itemtype=\"https:\/\/schema.org\/ImageObject\" ><a href=\"https:\/\/inerciadigital.com\/es\/2023\/10\/02\/seguridad-informatica-en-entornos-de-teletrabajo\/\"  title=\"7\" ><img decoding=\"async\" loading=\"lazy\" width=\"540\" height=\"321\" src=\"https:\/\/i0.wp.com\/inerciadigital.com\/wp-content\/uploads\/2023\/10\/7.png?resize=540%2C321&amp;ssl=1\" class=\"wp-image-18218 avia-img-lazy-loading-18218 attachment-entry_with_sidebar size-entry_with_sidebar wp-post-image\" alt=\"\" \/><\/a><\/div><div class=\"entry-content\"  itemprop=\"text\" ><p>Teletrabajar es el futuro. Descubre c\u00f3mo hacerlo de un modo seguro y convi\u00e9rtete&#8230;<\/p>\n<div class=\"read-more-link\"><a href=\"https:\/\/inerciadigital.com\/es\/2023\/10\/02\/seguridad-informatica-en-entornos-de-teletrabajo\/\" class=\"more-link\">Leer m\u00e1s<span class='more-link-arrow avia-svg-icon avia-font-svg_entypo-fontello' data-av_svg_icon='right-open-big' data-av_iconset='svg_entypo-fontello'><svg version=\"1.1\" xmlns=\"http:\/\/www.w3.org\/2000\/svg\" width=\"15\" height=\"32\" viewBox=\"0 0 15 32\" preserveAspectRatio=\"xMidYMid meet\" role=\"graphics-symbol\" aria-hidden=\"true\">\n<path d=\"M0.416 27.84l11.456-11.84-11.456-11.904q-0.832-0.832 0-1.536 0.832-0.832 1.536 0l12.544 12.608q0.768 0.832 0 1.6l-12.544 12.608q-0.704 0.832-1.536 0-0.832-0.704 0-1.536z\"><\/path>\n<\/svg><\/span><\/a><\/div>\n<\/div><span class=\"post-meta-infos\"><time class=\"date-container minor-meta updated\"  itemprop=\"datePublished\" datetime=\"2023-10-02T11:01:09+02:00\" >2 de octubre de 2023<\/time><span class=\"text-sep\">\/<\/span><span class=\"comment-container minor-meta\"><a href=\"https:\/\/inerciadigital.com\/es\/2023\/10\/02\/seguridad-informatica-en-entornos-de-teletrabajo\/#respond\" class=\"comments-link\" >0 Comentarios<\/a><\/span><span class=\"text-sep\">\/<\/span><span class=\"blog-author minor-meta\">por <span class=\"entry-author-link\"  itemprop=\"author\" ><span class=\"author\"><span class=\"fn\"><a href=\"https:\/\/inerciadigital.com\/es\/author\/franciscojgomez\/\" title=\"Entradas de Francisco Javier Gomez Martin\" rel=\"author\">Francisco Javier Gomez Martin<\/a><\/span><\/span><\/span><\/span><\/span><footer class=\"entry-footer\"><\/footer><div class='post_delimiter'><\/div><\/div><div class=\"post_author_timeline\"><\/div><span class='hidden'>\n\t\t\t\t<span class='av-structured-data'  itemprop=\"image\" itemscope=\"itemscope\" itemtype=\"https:\/\/schema.org\/ImageObject\" >\n\t\t\t\t\t\t<span itemprop='url'>https:\/\/i0.wp.com\/inerciadigital.com\/wp-content\/uploads\/2023\/10\/7.png?fit=540%2C540&ssl=1<\/span>\n\t\t\t\t\t\t<span itemprop='height'>540<\/span>\n\t\t\t\t\t\t<span itemprop='width'>540<\/span>\n\t\t\t\t<\/span>\n\t\t\t\t<span class='av-structured-data'  itemprop=\"publisher\" itemtype=\"https:\/\/schema.org\/Organization\" itemscope=\"itemscope\" >\n\t\t\t\t\t\t<span itemprop='name'>Francisco Javier Gomez Martin<\/span>\n\t\t\t\t\t\t<span itemprop='logo' itemscope itemtype='https:\/\/schema.org\/ImageObject'>\n\t\t\t\t\t\t\t<span itemprop='url'>https:\/\/inerciadigital.com\/wp-content\/uploads\/2018\/11\/transparente-1030x642.png<\/span>\n\t\t\t\t\t\t<\/span>\n\t\t\t\t<\/span><span class='av-structured-data'  itemprop=\"author\" itemscope=\"itemscope\" itemtype=\"https:\/\/schema.org\/Person\" ><span itemprop='name'>Francisco Javier Gomez Martin<\/span><\/span><span class='av-structured-data'  itemprop=\"datePublished\" datetime=\"2023-10-02T11:01:09+02:00\" >2023-10-02 11:01:09<\/span><span class='av-structured-data'  itemprop=\"dateModified\" itemtype=\"https:\/\/schema.org\/dateModified\" >2024-10-09 11:42:04<\/span><span class='av-structured-data'  itemprop=\"mainEntityOfPage\" itemtype=\"https:\/\/schema.org\/mainEntityOfPage\" ><span itemprop='name'>SEGURIDAD INFORM\u00c1TICA EN ENTORNOS DE TELETRABAJO<\/span><\/span><\/span><\/article><div class='multi-big'><\/div><\/div>\n","protected":false},"excerpt":{"rendered":"","protected":false},"author":756,"featured_media":0,"parent":0,"menu_order":0,"comment_status":"closed","ping_status":"closed","template":"","meta":{"_acf_changed":false,"footnotes":""},"class_list":["post-8450","page","type-page","status-publish","hentry"],"acf":[],"yoast_head":"<!-- This site is optimized with the Yoast SEO plugin v27.1.1 - https:\/\/yoast.com\/product\/yoast-seo-wordpress\/ -->\n<title>Blog - Inercia Digital<\/title>\n<meta name=\"robots\" content=\"index, follow, max-snippet:-1, max-image-preview:large, max-video-preview:-1\" \/>\n<link rel=\"canonical\" href=\"https:\/\/inerciadigital.com\/es\/blog\/\" \/>\n<meta property=\"og:locale\" content=\"es_ES\" \/>\n<meta property=\"og:type\" content=\"article\" \/>\n<meta property=\"og:title\" content=\"Blog - Inercia Digital\" \/>\n<meta property=\"og:url\" content=\"https:\/\/inerciadigital.com\/es\/blog\/\" \/>\n<meta property=\"og:site_name\" content=\"Inercia Digital\" \/>\n<meta property=\"article:publisher\" content=\"https:\/\/www.facebook.com\/inerciadigital\/\" \/>\n<meta property=\"article:modified_time\" content=\"2020-06-02T12:47:08+00:00\" \/>\n<meta name=\"twitter:card\" content=\"summary_large_image\" \/>\n<meta name=\"twitter:site\" content=\"@InerciaDigital\" \/>\n<script type=\"application\/ld+json\" class=\"yoast-schema-graph\">{\"@context\":\"https:\/\/schema.org\",\"@graph\":[{\"@type\":\"WebPage\",\"@id\":\"https:\/\/inerciadigital.com\/es\/blog\/\",\"url\":\"https:\/\/inerciadigital.com\/es\/blog\/\",\"name\":\"Blog - Inercia Digital\",\"isPartOf\":{\"@id\":\"https:\/\/inerciadigital.com\/es\/#website\"},\"datePublished\":\"2018-11-20T12:03:31+00:00\",\"dateModified\":\"2020-06-02T12:47:08+00:00\",\"breadcrumb\":{\"@id\":\"https:\/\/inerciadigital.com\/es\/blog\/#breadcrumb\"},\"inLanguage\":\"es\",\"potentialAction\":[{\"@type\":\"ReadAction\",\"target\":[\"https:\/\/inerciadigital.com\/es\/blog\/\"]}]},{\"@type\":\"BreadcrumbList\",\"@id\":\"https:\/\/inerciadigital.com\/es\/blog\/#breadcrumb\",\"itemListElement\":[{\"@type\":\"ListItem\",\"position\":1,\"name\":\"Home\",\"item\":\"https:\/\/inerciadigital.com\/es\/inicio\/\"},{\"@type\":\"ListItem\",\"position\":2,\"name\":\"Blog\"}]},{\"@type\":\"WebSite\",\"@id\":\"https:\/\/inerciadigital.com\/es\/#website\",\"url\":\"https:\/\/inerciadigital.com\/es\/\",\"name\":\"Inercia Digital\",\"description\":\"Impulsa tus competencias digitales\",\"publisher\":{\"@id\":\"https:\/\/inerciadigital.com\/es\/#organization\"},\"potentialAction\":[{\"@type\":\"SearchAction\",\"target\":{\"@type\":\"EntryPoint\",\"urlTemplate\":\"https:\/\/inerciadigital.com\/es\/?s={search_term_string}\"},\"query-input\":{\"@type\":\"PropertyValueSpecification\",\"valueRequired\":true,\"valueName\":\"search_term_string\"}}],\"inLanguage\":\"es\"},{\"@type\":\"Organization\",\"@id\":\"https:\/\/inerciadigital.com\/es\/#organization\",\"name\":\"Inercia Digital\",\"url\":\"https:\/\/inerciadigital.com\/es\/\",\"logo\":{\"@type\":\"ImageObject\",\"inLanguage\":\"es\",\"@id\":\"https:\/\/inerciadigital.com\/es\/#\/schema\/logo\/image\/\",\"url\":\"https:\/\/inerciadigital.com\/wp-content\/uploads\/2018\/11\/transparente.png\",\"contentUrl\":\"https:\/\/inerciadigital.com\/wp-content\/uploads\/2018\/11\/transparente.png\",\"width\":6899,\"height\":4299,\"caption\":\"Inercia Digital\"},\"image\":{\"@id\":\"https:\/\/inerciadigital.com\/es\/#\/schema\/logo\/image\/\"},\"sameAs\":[\"https:\/\/www.facebook.com\/inerciadigital\/\",\"https:\/\/x.com\/InerciaDigital\",\"https:\/\/www.instagram.com\/inerciadigital.s.l\/?hl=es\",\"https:\/\/www.linkedin.com\/company\/inercia-digital\/\",\"https:\/\/www.pinterest.es\/Inerciaxdigital\/\",\"https:\/\/www.youtube.com\/user\/InerciaDigitalSL\"]}]}<\/script>\n<!-- \/ Yoast SEO plugin. -->","yoast_head_json":{"title":"Blog - Inercia Digital","robots":{"index":"index","follow":"follow","max-snippet":"max-snippet:-1","max-image-preview":"max-image-preview:large","max-video-preview":"max-video-preview:-1"},"canonical":"https:\/\/inerciadigital.com\/es\/blog\/","og_locale":"es_ES","og_type":"article","og_title":"Blog - Inercia Digital","og_url":"https:\/\/inerciadigital.com\/es\/blog\/","og_site_name":"Inercia Digital","article_publisher":"https:\/\/www.facebook.com\/inerciadigital\/","article_modified_time":"2020-06-02T12:47:08+00:00","twitter_card":"summary_large_image","twitter_site":"@InerciaDigital","schema":{"@context":"https:\/\/schema.org","@graph":[{"@type":"WebPage","@id":"https:\/\/inerciadigital.com\/es\/blog\/","url":"https:\/\/inerciadigital.com\/es\/blog\/","name":"Blog - Inercia Digital","isPartOf":{"@id":"https:\/\/inerciadigital.com\/es\/#website"},"datePublished":"2018-11-20T12:03:31+00:00","dateModified":"2020-06-02T12:47:08+00:00","breadcrumb":{"@id":"https:\/\/inerciadigital.com\/es\/blog\/#breadcrumb"},"inLanguage":"es","potentialAction":[{"@type":"ReadAction","target":["https:\/\/inerciadigital.com\/es\/blog\/"]}]},{"@type":"BreadcrumbList","@id":"https:\/\/inerciadigital.com\/es\/blog\/#breadcrumb","itemListElement":[{"@type":"ListItem","position":1,"name":"Home","item":"https:\/\/inerciadigital.com\/es\/inicio\/"},{"@type":"ListItem","position":2,"name":"Blog"}]},{"@type":"WebSite","@id":"https:\/\/inerciadigital.com\/es\/#website","url":"https:\/\/inerciadigital.com\/es\/","name":"Inercia Digital","description":"Impulsa tus competencias digitales","publisher":{"@id":"https:\/\/inerciadigital.com\/es\/#organization"},"potentialAction":[{"@type":"SearchAction","target":{"@type":"EntryPoint","urlTemplate":"https:\/\/inerciadigital.com\/es\/?s={search_term_string}"},"query-input":{"@type":"PropertyValueSpecification","valueRequired":true,"valueName":"search_term_string"}}],"inLanguage":"es"},{"@type":"Organization","@id":"https:\/\/inerciadigital.com\/es\/#organization","name":"Inercia Digital","url":"https:\/\/inerciadigital.com\/es\/","logo":{"@type":"ImageObject","inLanguage":"es","@id":"https:\/\/inerciadigital.com\/es\/#\/schema\/logo\/image\/","url":"https:\/\/inerciadigital.com\/wp-content\/uploads\/2018\/11\/transparente.png","contentUrl":"https:\/\/inerciadigital.com\/wp-content\/uploads\/2018\/11\/transparente.png","width":6899,"height":4299,"caption":"Inercia Digital"},"image":{"@id":"https:\/\/inerciadigital.com\/es\/#\/schema\/logo\/image\/"},"sameAs":["https:\/\/www.facebook.com\/inerciadigital\/","https:\/\/x.com\/InerciaDigital","https:\/\/www.instagram.com\/inerciadigital.s.l\/?hl=es","https:\/\/www.linkedin.com\/company\/inercia-digital\/","https:\/\/www.pinterest.es\/Inerciaxdigital\/","https:\/\/www.youtube.com\/user\/InerciaDigitalSL"]}]}},"jetpack_shortlink":"https:\/\/wp.me\/Pc4934-2ci","jetpack_sharing_enabled":true,"_links":{"self":[{"href":"https:\/\/inerciadigital.com\/es\/wp-json\/wp\/v2\/pages\/8450","targetHints":{"allow":["GET"]}}],"collection":[{"href":"https:\/\/inerciadigital.com\/es\/wp-json\/wp\/v2\/pages"}],"about":[{"href":"https:\/\/inerciadigital.com\/es\/wp-json\/wp\/v2\/types\/page"}],"author":[{"embeddable":true,"href":"https:\/\/inerciadigital.com\/es\/wp-json\/wp\/v2\/users\/756"}],"replies":[{"embeddable":true,"href":"https:\/\/inerciadigital.com\/es\/wp-json\/wp\/v2\/comments?post=8450"}],"version-history":[{"count":7,"href":"https:\/\/inerciadigital.com\/es\/wp-json\/wp\/v2\/pages\/8450\/revisions"}],"predecessor-version":[{"id":12488,"href":"https:\/\/inerciadigital.com\/es\/wp-json\/wp\/v2\/pages\/8450\/revisions\/12488"}],"wp:attachment":[{"href":"https:\/\/inerciadigital.com\/es\/wp-json\/wp\/v2\/media?parent=8450"}],"curies":[{"name":"wp","href":"https:\/\/api.w.org\/{rel}","templated":true}]}}