{"id":19597,"date":"2024-10-30T11:58:30","date_gmt":"2024-10-30T10:58:30","guid":{"rendered":"https:\/\/inerciadigital.com\/?page_id=19597"},"modified":"2024-10-30T12:10:00","modified_gmt":"2024-10-30T11:10:00","slug":"politica-de-seguridad-de-la-informacion","status":"publish","type":"page","link":"https:\/\/inerciadigital.com\/es\/politica-de-seguridad-de-la-informacion\/","title":{"rendered":"Pol\u00edtica de Seguridad de la Informaci\u00f3n"},"content":{"rendered":"\n<style type=\"text\/css\" data-created_by=\"avia_inline_auto\" id=\"style-css-av-4itl6dh-411ab6988344cc011f63350bbf2124ae\">\n.avia-section.av-4itl6dh-411ab6988344cc011f63350bbf2124ae{\nbackground-color:#651b78;\nbackground-image:unset;\n}\n<\/style>\n<div id='av_section_1'  class='avia-section av-4itl6dh-411ab6988344cc011f63350bbf2124ae main_color avia-section-default avia-no-border-styling  avia-builder-el-0  el_before_av_one_full  avia-builder-el-first  avia-bg-style-scroll container_wrap sidebar_right'  ><div class='container av-section-cont-open' ><main  role=\"main\" itemprop=\"mainContentOfPage\"  class='template-page content  av-content-small alpha units'><div class='post-entry post-entry-type-page post-entry-19597'><div class='entry-content-wrapper clearfix'>\n\n<style type=\"text\/css\" data-created_by=\"avia_inline_auto\" id=\"style-css-av-lgc0hx3s-e451437bbe5a7606b215e68c95cd1c93\">\n#top .av-special-heading.av-lgc0hx3s-e451437bbe5a7606b215e68c95cd1c93{\npadding-bottom:10px;\ncolor:#ffffff;\n}\nbody .av-special-heading.av-lgc0hx3s-e451437bbe5a7606b215e68c95cd1c93 .av-special-heading-tag .heading-char{\nfont-size:25px;\n}\n.av-special-heading.av-lgc0hx3s-e451437bbe5a7606b215e68c95cd1c93 .special-heading-inner-border{\nborder-color:#ffffff;\n}\n.av-special-heading.av-lgc0hx3s-e451437bbe5a7606b215e68c95cd1c93 .av-subheading{\nfont-size:15px;\n}\n<\/style>\n<div  class='av-special-heading av-lgc0hx3s-e451437bbe5a7606b215e68c95cd1c93 av-special-heading-h2 custom-color-heading blockquote modern-quote modern-centered  avia-builder-el-1  avia-builder-el-no-sibling '><h2 class='av-special-heading-tag '  itemprop=\"headline\"  >Pol\u00edtica de Seguridad de la Informaci\u00f3n<\/h2><div class=\"special-heading-border\"><div class=\"special-heading-inner-border\"><\/div><\/div><\/div>\n<\/div><\/div><\/main><!-- close content main element --><\/div><\/div><div id='after_section_1'  class='main_color av_default_container_wrap container_wrap sidebar_right'  ><div class='container av-section-cont-open' ><div class='template-page content  av-content-small alpha units'><div class='post-entry post-entry-type-page post-entry-19597'><div class='entry-content-wrapper clearfix'>\n<div  class='flex_column av-3yx1ztx-6a161095832cc1c9e678608ff7b38e5d av_one_full  avia-builder-el-2  el_after_av_section  avia-builder-el-no-sibling  first flex_column_div  '     ><section  class='av_textblock_section av-njtojx-b254925ff9b1390c6233ee43a3a95205 '   itemscope=\"itemscope\" itemtype=\"https:\/\/schema.org\/CreativeWork\" ><div class='avia_textblock'  itemprop=\"text\" ><p style=\"text-align: justify;\"><a href=\"https:\/\/i0.wp.com\/inerciadigital.com\/wp-content\/uploads\/2023\/04\/indice.png?ssl=1\"><img data-recalc-dims=\"1\" loading=\"lazy\" decoding=\"async\" class=\"alignnone size-full wp-image-17391\" src=\"https:\/\/i0.wp.com\/inerciadigital.com\/wp-content\/uploads\/2023\/04\/indice.png?resize=285%2C177&#038;ssl=1\" alt=\"\" width=\"285\" height=\"177\" \/> <br class=\"avia-permanent-lb\" \/><br class=\"avia-permanent-lb\" \/><\/a><\/p>\n<p style=\"text-align: justify;\">El Sistema de Gesti\u00f3n de la Seguridad de la Informaci\u00f3n de Inercia Digital tiene como objetivo fundamental la protecci\u00f3n de la informaci\u00f3n ofreciendo a su personal, clientes y proveedores un entorno de trabajo seguro mediante las medidas de seguridad y procesos operativos adecuados.<\/p>\n<p style=\"text-align: justify;\">Los principios de nuestra pol\u00edtica de seguridad de la informaci\u00f3n son:<\/p>\n<ul style=\"text-align: justify;\">\n<li>Confidencialidad: La informaci\u00f3n debe ser conocida exclusivamente por las personas autorizadas.<\/li>\n<li>Integridad: La informaci\u00f3n ser\u00e1 en todo momento completa, exacta, v\u00e1lida y sin manipulaciones.<\/li>\n<li>Disponibilidad: La informaci\u00f3n ser\u00e1 siempre accesible por las personas autorizadas en todo momento y se garantizar\u00e1 su persistencia ante cualquier eventualidad.<\/li>\n<\/ul>\n<p style=\"text-align: justify;\">\n<p style=\"text-align: justify;\">En Inercia Digital somos conscientes de que nuestros servicios de formaci\u00f3n e innovaci\u00f3n requieren una protecci\u00f3n y gesti\u00f3n adecuados con el fin de dar continuidad a nuestros servicios y minimizar los posibles da\u00f1os ocasionados por fallos en la seguridad de la informaci\u00f3n.<\/p>\n<p style=\"text-align: justify;\">\n<p style=\"text-align: justify;\">Para todo ello adquirimos los siguientes compromisos:<\/p>\n<ul>\n<li style=\"text-align: justify;\">La voluntad permanente de Inercia Digital en materia de gesti\u00f3n de la seguridad de la informaci\u00f3n se pondr\u00e1 de manifiesto a trav\u00e9s de programas de formaci\u00f3n y sensibilizaci\u00f3n que fomenten la gesti\u00f3n participativa en esos \u00e1mbitos, posibilitando que las habilidades del personal sean utilizadas para la mejora continua del proceso productivo y la seguridad.<\/li>\n<li style=\"text-align: justify;\">Para garantizar el desarrollo de nuestras actividades dentro de la normativa y reglamentaci\u00f3n aplicable, se dar\u00e1 cumplimiento a la legislaci\u00f3n y reglamentaci\u00f3n en vigor, as\u00ed como a otros requisitos suscritos con nuestros clientes, incluyendo los referentes a la seguridad de la informaci\u00f3n y protecci\u00f3n de datos.<\/li>\n<li style=\"text-align: justify;\">Cumplir con los requisitos y mejorar de forma continua la eficacia del Sistema de Gesti\u00f3n de la Seguridad de la Informaci\u00f3n, mediante la implantaci\u00f3n de sistemas de medici\u00f3n y seguimiento de los servicios, as\u00ed como de objetivos de seguridad.<\/li>\n<li style=\"text-align: justify;\">Realizar y revisar peri\u00f3dicamente un an\u00e1lisis de riesgos basados en m\u00e9todos reconocidos que nos permitan establecer el nivel de seguridad de la informaci\u00f3n y minimizar los riesgos mediante el desarrollo de pol\u00edticas espec\u00edficas, soluciones t\u00e9cnicas y acuerdos contractuales con organizaciones especializadas.<\/li>\n<li style=\"text-align: justify;\">El personal de Inercia Digital desarrollar\u00e1 su trabajo orientado a la consecuci\u00f3n de los objetivos marcados y de acuerdo, en todo momento, con los requisitos legales, as\u00ed como los del cliente.<\/li>\n<li style=\"text-align: justify;\">Selecci\u00f3n de personal, proveedores y subcontratistas en base a criterios de seguridad de la informaci\u00f3n.<\/li>\n<li style=\"text-align: justify;\">Todo incidente o debilidad que pueda comprometer o haya comprometido la confidencialidad, integridad y\/o disponibilidad de la informaci\u00f3n ser\u00e1 registrado y analizado para aplicar las correspondientes medidas correctivas y\/o preventivas. As\u00ed mismo, se comunicar\u00e1n a las partes interesadas en los plazos correspondientes. <br class=\"avia-permanent-lb\" \/><br class=\"avia-permanent-lb\" \/><\/li>\n<\/ul>\n<\/div><\/section><\/div>\n","protected":false},"excerpt":{"rendered":"","protected":false},"author":1028,"featured_media":0,"parent":0,"menu_order":0,"comment_status":"closed","ping_status":"closed","template":"","meta":{"_acf_changed":false,"footnotes":""},"class_list":["post-19597","page","type-page","status-publish","hentry"],"acf":[],"yoast_head":"<!-- This site is optimized with the Yoast SEO plugin v27.1.1 - https:\/\/yoast.com\/product\/yoast-seo-wordpress\/ -->\n<title>Pol\u00edtica de Seguridad de la Informaci\u00f3n - Inercia Digital<\/title>\n<meta name=\"robots\" content=\"index, follow, max-snippet:-1, max-image-preview:large, max-video-preview:-1\" \/>\n<link rel=\"canonical\" href=\"https:\/\/inerciadigital.com\/es\/politica-de-seguridad-de-la-informacion\/\" \/>\n<meta property=\"og:locale\" content=\"es_ES\" \/>\n<meta property=\"og:type\" content=\"article\" \/>\n<meta property=\"og:title\" content=\"Pol\u00edtica de Seguridad de la Informaci\u00f3n - Inercia Digital\" \/>\n<meta property=\"og:url\" content=\"https:\/\/inerciadigital.com\/es\/politica-de-seguridad-de-la-informacion\/\" \/>\n<meta property=\"og:site_name\" content=\"Inercia Digital\" \/>\n<meta property=\"article:publisher\" content=\"https:\/\/www.facebook.com\/inerciadigital\/\" \/>\n<meta property=\"article:modified_time\" content=\"2024-10-30T11:10:00+00:00\" \/>\n<meta property=\"og:image\" content=\"https:\/\/inerciadigital.com\/wp-content\/uploads\/2023\/04\/indice.png\" \/>\n<meta name=\"twitter:card\" content=\"summary_large_image\" \/>\n<meta name=\"twitter:site\" content=\"@InerciaDigital\" \/>\n<meta name=\"twitter:label1\" content=\"Tiempo de lectura\" \/>\n\t<meta name=\"twitter:data1\" content=\"3 minutos\" \/>\n<script type=\"application\/ld+json\" class=\"yoast-schema-graph\">{\"@context\":\"https:\/\/schema.org\",\"@graph\":[{\"@type\":\"WebPage\",\"@id\":\"https:\/\/inerciadigital.com\/es\/politica-de-seguridad-de-la-informacion\/\",\"url\":\"https:\/\/inerciadigital.com\/es\/politica-de-seguridad-de-la-informacion\/\",\"name\":\"Pol\u00edtica de Seguridad de la Informaci\u00f3n - Inercia Digital\",\"isPartOf\":{\"@id\":\"https:\/\/inerciadigital.com\/es\/#website\"},\"primaryImageOfPage\":{\"@id\":\"https:\/\/inerciadigital.com\/es\/politica-de-seguridad-de-la-informacion\/#primaryimage\"},\"image\":{\"@id\":\"https:\/\/inerciadigital.com\/es\/politica-de-seguridad-de-la-informacion\/#primaryimage\"},\"thumbnailUrl\":\"https:\/\/inerciadigital.com\/wp-content\/uploads\/2023\/04\/indice.png\",\"datePublished\":\"2024-10-30T10:58:30+00:00\",\"dateModified\":\"2024-10-30T11:10:00+00:00\",\"breadcrumb\":{\"@id\":\"https:\/\/inerciadigital.com\/es\/politica-de-seguridad-de-la-informacion\/#breadcrumb\"},\"inLanguage\":\"es\",\"potentialAction\":[{\"@type\":\"ReadAction\",\"target\":[\"https:\/\/inerciadigital.com\/es\/politica-de-seguridad-de-la-informacion\/\"]}]},{\"@type\":\"ImageObject\",\"inLanguage\":\"es\",\"@id\":\"https:\/\/inerciadigital.com\/es\/politica-de-seguridad-de-la-informacion\/#primaryimage\",\"url\":\"https:\/\/inerciadigital.com\/wp-content\/uploads\/2023\/04\/indice.png\",\"contentUrl\":\"https:\/\/inerciadigital.com\/wp-content\/uploads\/2023\/04\/indice.png\"},{\"@type\":\"BreadcrumbList\",\"@id\":\"https:\/\/inerciadigital.com\/es\/politica-de-seguridad-de-la-informacion\/#breadcrumb\",\"itemListElement\":[{\"@type\":\"ListItem\",\"position\":1,\"name\":\"Home\",\"item\":\"https:\/\/inerciadigital.com\/es\/inicio\/\"},{\"@type\":\"ListItem\",\"position\":2,\"name\":\"Pol\u00edtica de Seguridad de la Informaci\u00f3n\"}]},{\"@type\":\"WebSite\",\"@id\":\"https:\/\/inerciadigital.com\/es\/#website\",\"url\":\"https:\/\/inerciadigital.com\/es\/\",\"name\":\"Inercia Digital\",\"description\":\"Impulsa tus competencias digitales\",\"publisher\":{\"@id\":\"https:\/\/inerciadigital.com\/es\/#organization\"},\"potentialAction\":[{\"@type\":\"SearchAction\",\"target\":{\"@type\":\"EntryPoint\",\"urlTemplate\":\"https:\/\/inerciadigital.com\/es\/?s={search_term_string}\"},\"query-input\":{\"@type\":\"PropertyValueSpecification\",\"valueRequired\":true,\"valueName\":\"search_term_string\"}}],\"inLanguage\":\"es\"},{\"@type\":\"Organization\",\"@id\":\"https:\/\/inerciadigital.com\/es\/#organization\",\"name\":\"Inercia Digital\",\"url\":\"https:\/\/inerciadigital.com\/es\/\",\"logo\":{\"@type\":\"ImageObject\",\"inLanguage\":\"es\",\"@id\":\"https:\/\/inerciadigital.com\/es\/#\/schema\/logo\/image\/\",\"url\":\"https:\/\/inerciadigital.com\/wp-content\/uploads\/2018\/11\/transparente.png\",\"contentUrl\":\"https:\/\/inerciadigital.com\/wp-content\/uploads\/2018\/11\/transparente.png\",\"width\":6899,\"height\":4299,\"caption\":\"Inercia Digital\"},\"image\":{\"@id\":\"https:\/\/inerciadigital.com\/es\/#\/schema\/logo\/image\/\"},\"sameAs\":[\"https:\/\/www.facebook.com\/inerciadigital\/\",\"https:\/\/x.com\/InerciaDigital\",\"https:\/\/www.instagram.com\/inerciadigital.s.l\/?hl=es\",\"https:\/\/www.linkedin.com\/company\/inercia-digital\/\",\"https:\/\/www.pinterest.es\/Inerciaxdigital\/\",\"https:\/\/www.youtube.com\/user\/InerciaDigitalSL\"]}]}<\/script>\n<!-- \/ Yoast SEO plugin. -->","yoast_head_json":{"title":"Pol\u00edtica de Seguridad de la Informaci\u00f3n - Inercia Digital","robots":{"index":"index","follow":"follow","max-snippet":"max-snippet:-1","max-image-preview":"max-image-preview:large","max-video-preview":"max-video-preview:-1"},"canonical":"https:\/\/inerciadigital.com\/es\/politica-de-seguridad-de-la-informacion\/","og_locale":"es_ES","og_type":"article","og_title":"Pol\u00edtica de Seguridad de la Informaci\u00f3n - Inercia Digital","og_url":"https:\/\/inerciadigital.com\/es\/politica-de-seguridad-de-la-informacion\/","og_site_name":"Inercia Digital","article_publisher":"https:\/\/www.facebook.com\/inerciadigital\/","article_modified_time":"2024-10-30T11:10:00+00:00","og_image":[{"url":"https:\/\/inerciadigital.com\/wp-content\/uploads\/2023\/04\/indice.png","type":"","width":"","height":""}],"twitter_card":"summary_large_image","twitter_site":"@InerciaDigital","twitter_misc":{"Tiempo de lectura":"3 minutos"},"schema":{"@context":"https:\/\/schema.org","@graph":[{"@type":"WebPage","@id":"https:\/\/inerciadigital.com\/es\/politica-de-seguridad-de-la-informacion\/","url":"https:\/\/inerciadigital.com\/es\/politica-de-seguridad-de-la-informacion\/","name":"Pol\u00edtica de Seguridad de la Informaci\u00f3n - Inercia Digital","isPartOf":{"@id":"https:\/\/inerciadigital.com\/es\/#website"},"primaryImageOfPage":{"@id":"https:\/\/inerciadigital.com\/es\/politica-de-seguridad-de-la-informacion\/#primaryimage"},"image":{"@id":"https:\/\/inerciadigital.com\/es\/politica-de-seguridad-de-la-informacion\/#primaryimage"},"thumbnailUrl":"https:\/\/inerciadigital.com\/wp-content\/uploads\/2023\/04\/indice.png","datePublished":"2024-10-30T10:58:30+00:00","dateModified":"2024-10-30T11:10:00+00:00","breadcrumb":{"@id":"https:\/\/inerciadigital.com\/es\/politica-de-seguridad-de-la-informacion\/#breadcrumb"},"inLanguage":"es","potentialAction":[{"@type":"ReadAction","target":["https:\/\/inerciadigital.com\/es\/politica-de-seguridad-de-la-informacion\/"]}]},{"@type":"ImageObject","inLanguage":"es","@id":"https:\/\/inerciadigital.com\/es\/politica-de-seguridad-de-la-informacion\/#primaryimage","url":"https:\/\/inerciadigital.com\/wp-content\/uploads\/2023\/04\/indice.png","contentUrl":"https:\/\/inerciadigital.com\/wp-content\/uploads\/2023\/04\/indice.png"},{"@type":"BreadcrumbList","@id":"https:\/\/inerciadigital.com\/es\/politica-de-seguridad-de-la-informacion\/#breadcrumb","itemListElement":[{"@type":"ListItem","position":1,"name":"Home","item":"https:\/\/inerciadigital.com\/es\/inicio\/"},{"@type":"ListItem","position":2,"name":"Pol\u00edtica de Seguridad de la Informaci\u00f3n"}]},{"@type":"WebSite","@id":"https:\/\/inerciadigital.com\/es\/#website","url":"https:\/\/inerciadigital.com\/es\/","name":"Inercia Digital","description":"Impulsa tus competencias digitales","publisher":{"@id":"https:\/\/inerciadigital.com\/es\/#organization"},"potentialAction":[{"@type":"SearchAction","target":{"@type":"EntryPoint","urlTemplate":"https:\/\/inerciadigital.com\/es\/?s={search_term_string}"},"query-input":{"@type":"PropertyValueSpecification","valueRequired":true,"valueName":"search_term_string"}}],"inLanguage":"es"},{"@type":"Organization","@id":"https:\/\/inerciadigital.com\/es\/#organization","name":"Inercia Digital","url":"https:\/\/inerciadigital.com\/es\/","logo":{"@type":"ImageObject","inLanguage":"es","@id":"https:\/\/inerciadigital.com\/es\/#\/schema\/logo\/image\/","url":"https:\/\/inerciadigital.com\/wp-content\/uploads\/2018\/11\/transparente.png","contentUrl":"https:\/\/inerciadigital.com\/wp-content\/uploads\/2018\/11\/transparente.png","width":6899,"height":4299,"caption":"Inercia Digital"},"image":{"@id":"https:\/\/inerciadigital.com\/es\/#\/schema\/logo\/image\/"},"sameAs":["https:\/\/www.facebook.com\/inerciadigital\/","https:\/\/x.com\/InerciaDigital","https:\/\/www.instagram.com\/inerciadigital.s.l\/?hl=es","https:\/\/www.linkedin.com\/company\/inercia-digital\/","https:\/\/www.pinterest.es\/Inerciaxdigital\/","https:\/\/www.youtube.com\/user\/InerciaDigitalSL"]}]}},"jetpack_shortlink":"https:\/\/wp.me\/Pc4934-565","jetpack_sharing_enabled":true,"_links":{"self":[{"href":"https:\/\/inerciadigital.com\/es\/wp-json\/wp\/v2\/pages\/19597","targetHints":{"allow":["GET"]}}],"collection":[{"href":"https:\/\/inerciadigital.com\/es\/wp-json\/wp\/v2\/pages"}],"about":[{"href":"https:\/\/inerciadigital.com\/es\/wp-json\/wp\/v2\/types\/page"}],"author":[{"embeddable":true,"href":"https:\/\/inerciadigital.com\/es\/wp-json\/wp\/v2\/users\/1028"}],"replies":[{"embeddable":true,"href":"https:\/\/inerciadigital.com\/es\/wp-json\/wp\/v2\/comments?post=19597"}],"version-history":[{"count":6,"href":"https:\/\/inerciadigital.com\/es\/wp-json\/wp\/v2\/pages\/19597\/revisions"}],"predecessor-version":[{"id":19604,"href":"https:\/\/inerciadigital.com\/es\/wp-json\/wp\/v2\/pages\/19597\/revisions\/19604"}],"wp:attachment":[{"href":"https:\/\/inerciadigital.com\/es\/wp-json\/wp\/v2\/media?parent=19597"}],"curies":[{"name":"wp","href":"https:\/\/api.w.org\/{rel}","templated":true}]}}