{"id":18514,"date":"2023-10-05T14:47:37","date_gmt":"2023-10-05T12:47:37","guid":{"rendered":"https:\/\/inerciadigital.com\/?page_id=18514"},"modified":"2024-11-15T11:12:37","modified_gmt":"2024-11-15T10:12:37","slug":"colabore-con-inercia-digital","status":"publish","type":"page","link":"https:\/\/inerciadigital.com\/es\/colabore-con-inercia-digital\/","title":{"rendered":"Colabore con Inercia Digital"},"content":{"rendered":"<div  class='av_promobox av-lvdqhiv6-736e40064a20efad970515046213cf42 avia-button-yes  avia-builder-el-0  el_before_av_promobox  avia-builder-el-first '><div class='avia-promocontent'><p style=\"text-align: justify;\">Colabora con <strong>Inercia Digital<\/strong> formando parte de nuestra red de voluntariado, disfrutando de numerosos beneficios como obtener becas de formaci\u00f3n con nuestros cursos, la participaci\u00f3n gratuita en movilidades de aprendizaje en reuniones de proyectos de innovaci\u00f3n educativa que tendr\u00e1n lugar alrededor de toda Europa, y obtiene certificados profesionales de participaci\u00f3n en nuestras actividades locales y Europeas.<\/p>\n<p style=\"text-align: justify;\">\u00a1\u00danete a la red de voluntariado de Inercia Digital y disfruta de las m\u00faltiples experiencias que ofrecemos por Europa!<\/p>\n<\/div><div  class='avia-button-wrap av-lvdqhiv6-0a2884712ed084e0a92c5c913d094d1d-wrap avia-button-right '><a href='https:\/\/docs.google.com\/forms\/d\/e\/1FAIpQLScJaDU2Zl3mDyULWl50EzMMMwgAPHlAgj_ykvRU4fy28wji-A\/viewform'  class='avia-button av-lvdqhiv6-0a2884712ed084e0a92c5c913d094d1d av-link-btn avia-icon_select-no avia-size-large avia-position-right avia-color-theme-color'  target=\"_blank\"  rel=\"noopener noreferrer\"  aria-label=\"\u00a1\u00danete!\"><span class='avia_iconbox_title' >\u00a1\u00danete!<\/span><\/a><\/div><\/div>\n<div  class='av_promobox av-jpmy7m-359f9c45175fa1fecea53de841567c75 avia-button-yes  avia-builder-el-1  el_after_av_promobox  el_before_av_button '><div class='avia-promocontent'><p style=\"text-align: justify;\">\u00bfQuiere llevar su empresa, ONG, centro educativo u organismo de administraci\u00f3n p\u00fablica al siguiente nivel en el mundo digital?<\/p>\n<p style=\"text-align: justify;\">Forma parte de nuestra red de Colaboradores Estrat\u00e9gicos Nacionales: Uni\u00e9ndose a nuestra red tendr\u00e1 la posibilidad de participar en proyectos innovadores, acceso a una red internacional, desarrollo de habilidades y competencias digitales, de emprendimiento y sociales en el \u00e1mbito de la educaci\u00f3n y de la formaci\u00f3n.<\/p>\n<\/div><div  class='avia-button-wrap av-jpmy7m-fcdb02bc2cef3bff3dac3422276e3864-wrap avia-button-right '><a href='https:\/\/forms.gle\/JFuGz7VtXwaa1VJ28'  class='avia-button av-jpmy7m-fcdb02bc2cef3bff3dac3422276e3864 av-link-btn avia-icon_select-no avia-size-large avia-position-right avia-color-theme-color'  target=\"_blank\"  rel=\"noopener noreferrer\"  aria-label=\"\u00a1\u00danete!\"><span class='avia_iconbox_title' >\u00a1\u00danete!<\/span><\/a><\/div><\/div>\n<div  class='avia-button-wrap av-m3il2pq3-1f05c4f90cc7e6992a9a57be40b63205-wrap avia-button-center  avia-builder-el-2  el_after_av_promobox  avia-builder-el-last '><a href='https:\/\/inerciadigital.com\/es\/consultoria\/entidades-colaboradoras\/'  class='avia-button av-m3il2pq3-1f05c4f90cc7e6992a9a57be40b63205 av-link-btn avia-icon_select-no avia-size-small avia-position-center avia-color-theme-color'   aria-label=\"Lista de colaboradores\"><span class='avia_iconbox_title' >Lista de colaboradores<\/span><\/a><\/div>\n","protected":false},"excerpt":{"rendered":"","protected":false},"author":1028,"featured_media":0,"parent":0,"menu_order":0,"comment_status":"closed","ping_status":"closed","template":"","meta":{"_acf_changed":false,"footnotes":""},"class_list":["post-18514","page","type-page","status-publish","hentry"],"acf":[],"yoast_head":"<!-- This site is optimized with the Yoast SEO plugin v27.4 - https:\/\/yoast.com\/product\/yoast-seo-wordpress\/ -->\n<title>Colabore con Inercia Digital - Inercia Digital<\/title>\n<meta name=\"robots\" content=\"index, follow, max-snippet:-1, max-image-preview:large, max-video-preview:-1\" \/>\n<link rel=\"canonical\" href=\"https:\/\/inerciadigital.com\/es\/colabore-con-inercia-digital\/\" \/>\n<meta property=\"og:locale\" content=\"es_ES\" \/>\n<meta property=\"og:type\" content=\"article\" \/>\n<meta property=\"og:title\" content=\"Colabore con Inercia Digital - Inercia Digital\" \/>\n<meta property=\"og:url\" content=\"https:\/\/inerciadigital.com\/es\/colabore-con-inercia-digital\/\" \/>\n<meta property=\"og:site_name\" content=\"Inercia Digital\" \/>\n<meta property=\"article:publisher\" content=\"https:\/\/www.facebook.com\/inerciadigital\/\" \/>\n<meta property=\"article:modified_time\" content=\"2024-11-15T10:12:37+00:00\" \/>\n<meta name=\"twitter:card\" content=\"summary_large_image\" \/>\n<meta name=\"twitter:site\" content=\"@InerciaDigital\" \/>\n<meta name=\"twitter:label1\" content=\"Tiempo de lectura\" \/>\n\t<meta name=\"twitter:data1\" content=\"1 minuto\" \/>\n<script type=\"application\/ld+json\" class=\"yoast-schema-graph\">{\"@context\":\"https:\\\/\\\/schema.org\",\"@graph\":[{\"@type\":\"WebPage\",\"@id\":\"https:\\\/\\\/inerciadigital.com\\\/es\\\/colabore-con-inercia-digital\\\/\",\"url\":\"https:\\\/\\\/inerciadigital.com\\\/es\\\/colabore-con-inercia-digital\\\/\",\"name\":\"Colabore con Inercia Digital - Inercia Digital\",\"isPartOf\":{\"@id\":\"https:\\\/\\\/inerciadigital.com\\\/es\\\/#website\"},\"datePublished\":\"2023-10-05T12:47:37+00:00\",\"dateModified\":\"2024-11-15T10:12:37+00:00\",\"breadcrumb\":{\"@id\":\"https:\\\/\\\/inerciadigital.com\\\/es\\\/colabore-con-inercia-digital\\\/#breadcrumb\"},\"inLanguage\":\"es\",\"potentialAction\":[{\"@type\":\"ReadAction\",\"target\":[\"https:\\\/\\\/inerciadigital.com\\\/es\\\/colabore-con-inercia-digital\\\/\"]}]},{\"@type\":\"BreadcrumbList\",\"@id\":\"https:\\\/\\\/inerciadigital.com\\\/es\\\/colabore-con-inercia-digital\\\/#breadcrumb\",\"itemListElement\":[{\"@type\":\"ListItem\",\"position\":1,\"name\":\"Home\",\"item\":\"https:\\\/\\\/inerciadigital.com\\\/es\\\/inicio\\\/\"},{\"@type\":\"ListItem\",\"position\":2,\"name\":\"Colabore con Inercia Digital\"}]},{\"@type\":\"WebSite\",\"@id\":\"https:\\\/\\\/inerciadigital.com\\\/es\\\/#website\",\"url\":\"https:\\\/\\\/inerciadigital.com\\\/es\\\/\",\"name\":\"Inercia Digital\",\"description\":\"Impulsa tus competencias digitales\",\"publisher\":{\"@id\":\"https:\\\/\\\/inerciadigital.com\\\/es\\\/#organization\"},\"potentialAction\":[{\"@type\":\"SearchAction\",\"target\":{\"@type\":\"EntryPoint\",\"urlTemplate\":\"https:\\\/\\\/inerciadigital.com\\\/es\\\/?s={search_term_string}\"},\"query-input\":{\"@type\":\"PropertyValueSpecification\",\"valueRequired\":true,\"valueName\":\"search_term_string\"}}],\"inLanguage\":\"es\"},{\"@type\":\"Organization\",\"@id\":\"https:\\\/\\\/inerciadigital.com\\\/es\\\/#organization\",\"name\":\"Inercia Digital\",\"url\":\"https:\\\/\\\/inerciadigital.com\\\/es\\\/\",\"logo\":{\"@type\":\"ImageObject\",\"inLanguage\":\"es\",\"@id\":\"https:\\\/\\\/inerciadigital.com\\\/es\\\/#\\\/schema\\\/logo\\\/image\\\/\",\"url\":\"https:\\\/\\\/inerciadigital.com\\\/wp-content\\\/uploads\\\/2018\\\/11\\\/transparente.png\",\"contentUrl\":\"https:\\\/\\\/inerciadigital.com\\\/wp-content\\\/uploads\\\/2018\\\/11\\\/transparente.png\",\"width\":6899,\"height\":4299,\"caption\":\"Inercia Digital\"},\"image\":{\"@id\":\"https:\\\/\\\/inerciadigital.com\\\/es\\\/#\\\/schema\\\/logo\\\/image\\\/\"},\"sameAs\":[\"https:\\\/\\\/www.facebook.com\\\/inerciadigital\\\/\",\"https:\\\/\\\/x.com\\\/InerciaDigital\",\"https:\\\/\\\/www.instagram.com\\\/inerciadigital.s.l\\\/?hl=es\",\"https:\\\/\\\/www.linkedin.com\\\/company\\\/inercia-digital\\\/\",\"https:\\\/\\\/www.pinterest.es\\\/Inerciaxdigital\\\/\",\"https:\\\/\\\/www.youtube.com\\\/user\\\/InerciaDigitalSL\"]}]}<\/script>\n<!-- \/ Yoast SEO plugin. -->","yoast_head_json":{"title":"Colabore con Inercia Digital - Inercia Digital","robots":{"index":"index","follow":"follow","max-snippet":"max-snippet:-1","max-image-preview":"max-image-preview:large","max-video-preview":"max-video-preview:-1"},"canonical":"https:\/\/inerciadigital.com\/es\/colabore-con-inercia-digital\/","og_locale":"es_ES","og_type":"article","og_title":"Colabore con Inercia Digital - Inercia Digital","og_url":"https:\/\/inerciadigital.com\/es\/colabore-con-inercia-digital\/","og_site_name":"Inercia Digital","article_publisher":"https:\/\/www.facebook.com\/inerciadigital\/","article_modified_time":"2024-11-15T10:12:37+00:00","twitter_card":"summary_large_image","twitter_site":"@InerciaDigital","twitter_misc":{"Tiempo de lectura":"1 minuto"},"schema":{"@context":"https:\/\/schema.org","@graph":[{"@type":"WebPage","@id":"https:\/\/inerciadigital.com\/es\/colabore-con-inercia-digital\/","url":"https:\/\/inerciadigital.com\/es\/colabore-con-inercia-digital\/","name":"Colabore con Inercia Digital - Inercia Digital","isPartOf":{"@id":"https:\/\/inerciadigital.com\/es\/#website"},"datePublished":"2023-10-05T12:47:37+00:00","dateModified":"2024-11-15T10:12:37+00:00","breadcrumb":{"@id":"https:\/\/inerciadigital.com\/es\/colabore-con-inercia-digital\/#breadcrumb"},"inLanguage":"es","potentialAction":[{"@type":"ReadAction","target":["https:\/\/inerciadigital.com\/es\/colabore-con-inercia-digital\/"]}]},{"@type":"BreadcrumbList","@id":"https:\/\/inerciadigital.com\/es\/colabore-con-inercia-digital\/#breadcrumb","itemListElement":[{"@type":"ListItem","position":1,"name":"Home","item":"https:\/\/inerciadigital.com\/es\/inicio\/"},{"@type":"ListItem","position":2,"name":"Colabore con Inercia Digital"}]},{"@type":"WebSite","@id":"https:\/\/inerciadigital.com\/es\/#website","url":"https:\/\/inerciadigital.com\/es\/","name":"Inercia Digital","description":"Impulsa tus competencias digitales","publisher":{"@id":"https:\/\/inerciadigital.com\/es\/#organization"},"potentialAction":[{"@type":"SearchAction","target":{"@type":"EntryPoint","urlTemplate":"https:\/\/inerciadigital.com\/es\/?s={search_term_string}"},"query-input":{"@type":"PropertyValueSpecification","valueRequired":true,"valueName":"search_term_string"}}],"inLanguage":"es"},{"@type":"Organization","@id":"https:\/\/inerciadigital.com\/es\/#organization","name":"Inercia Digital","url":"https:\/\/inerciadigital.com\/es\/","logo":{"@type":"ImageObject","inLanguage":"es","@id":"https:\/\/inerciadigital.com\/es\/#\/schema\/logo\/image\/","url":"https:\/\/inerciadigital.com\/wp-content\/uploads\/2018\/11\/transparente.png","contentUrl":"https:\/\/inerciadigital.com\/wp-content\/uploads\/2018\/11\/transparente.png","width":6899,"height":4299,"caption":"Inercia Digital"},"image":{"@id":"https:\/\/inerciadigital.com\/es\/#\/schema\/logo\/image\/"},"sameAs":["https:\/\/www.facebook.com\/inerciadigital\/","https:\/\/x.com\/InerciaDigital","https:\/\/www.instagram.com\/inerciadigital.s.l\/?hl=es","https:\/\/www.linkedin.com\/company\/inercia-digital\/","https:\/\/www.pinterest.es\/Inerciaxdigital\/","https:\/\/www.youtube.com\/user\/InerciaDigitalSL"]}]}},"jetpack_shortlink":"https:\/\/wp.me\/Pc4934-4OC","jetpack_sharing_enabled":true,"_links":{"self":[{"href":"https:\/\/inerciadigital.com\/es\/wp-json\/wp\/v2\/pages\/18514","targetHints":{"allow":["GET"]}}],"collection":[{"href":"https:\/\/inerciadigital.com\/es\/wp-json\/wp\/v2\/pages"}],"about":[{"href":"https:\/\/inerciadigital.com\/es\/wp-json\/wp\/v2\/types\/page"}],"author":[{"embeddable":true,"href":"https:\/\/inerciadigital.com\/es\/wp-json\/wp\/v2\/users\/1028"}],"replies":[{"embeddable":true,"href":"https:\/\/inerciadigital.com\/es\/wp-json\/wp\/v2\/comments?post=18514"}],"version-history":[{"count":18,"href":"https:\/\/inerciadigital.com\/es\/wp-json\/wp\/v2\/pages\/18514\/revisions"}],"predecessor-version":[{"id":19641,"href":"https:\/\/inerciadigital.com\/es\/wp-json\/wp\/v2\/pages\/18514\/revisions\/19641"}],"wp:attachment":[{"href":"https:\/\/inerciadigital.com\/es\/wp-json\/wp\/v2\/media?parent=18514"}],"curies":[{"name":"wp","href":"https:\/\/api.w.org\/{rel}","templated":true}]}}