{"id":13985,"date":"2020-06-25T03:24:35","date_gmt":"2020-06-25T01:24:35","guid":{"rendered":"https:\/\/inerciadigital.com\/cursos\/"},"modified":"2025-02-18T10:28:28","modified_gmt":"2025-02-18T09:28:28","slug":"competencias-digitales-en-la-educacion","status":"publish","type":"page","link":"https:\/\/inerciadigital.com\/es\/competencias-digitales-en-la-educacion\/","title":{"rendered":"Competencias Digitales en la Educaci\u00f3n"},"content":{"rendered":"<div id='av_section_1'  class='avia-section av-kbuajl32-214fe5ff9e55a9d49c676223a32212ac alternate_color avia-section-default avia-no-border-styling  avia-builder-el-0  el_before_av_one_fourth  avia-builder-el-first  avia-bg-style-scroll container_wrap sidebar_right'  ><div class='container av-section-cont-open' ><main  role=\"main\" itemprop=\"mainContentOfPage\"  class='template-page content  av-content-small alpha units'><div class='post-entry post-entry-type-page post-entry-13985'><div class='entry-content-wrapper clearfix'>\n\n<style type=\"text\/css\" data-created_by=\"avia_inline_auto\" id=\"style-css-av-kc1w6syq-bda12228c3fd86fac6f6c12ea875fdb1\">\n#top .av-special-heading.av-kc1w6syq-bda12228c3fd86fac6f6c12ea875fdb1{\npadding-bottom:10px;\n}\nbody .av-special-heading.av-kc1w6syq-bda12228c3fd86fac6f6c12ea875fdb1 .av-special-heading-tag .heading-char{\nfont-size:25px;\n}\n.av-special-heading.av-kc1w6syq-bda12228c3fd86fac6f6c12ea875fdb1 .av-subheading{\nfont-size:15px;\n}\n<\/style>\n<div  class='av-special-heading av-kc1w6syq-bda12228c3fd86fac6f6c12ea875fdb1 av-special-heading-h2 blockquote modern-quote modern-centered  avia-builder-el-1  avia-builder-el-no-sibling '><h2 class='av-special-heading-tag '  itemprop=\"headline\"  >COMPETENCIAS DIGITALES EN LA EDUCACI\u00d3N<\/h2><div class=\"special-heading-border\"><div class=\"special-heading-inner-border\"><\/div><\/div><\/div>\n<\/div><\/div><\/main><!-- close content main element --><\/div><\/div><div id='after_section_1'  class='main_color av_default_container_wrap container_wrap sidebar_right'  ><div class='container av-section-cont-open' ><div class='template-page content  av-content-small alpha units'><div class='post-entry post-entry-type-page post-entry-13985'><div class='entry-content-wrapper clearfix'>\n<div  class='flex_column av-av_one_fourth-2d22dc0500e159f2b39fe7a147caf14c av_one_fourth  avia-builder-el-2  el_after_av_section  el_before_av_three_fourth  avia-builder-el-first  first flex_column_div  '     ><style type=\"text\/css\" data-created_by=\"avia_inline_auto\" id=\"style-css-av-m5xv3re4-6fb4ec647a3f4c73d150710339238783\">\n.avia-image-container.av-m5xv3re4-6fb4ec647a3f4c73d150710339238783{\nposition:absolute;\ntop:-60px;\nright:-160px;\n}\n.avia-image-container.av-m5xv3re4-6fb4ec647a3f4c73d150710339238783 .avia-image-container-inner{\ntransform:scale3d( .2, .2, 1 );\n}\n.avia-image-container.av-m5xv3re4-6fb4ec647a3f4c73d150710339238783 img.avia_image{\nbox-shadow:none;\n}\n.avia-image-container.av-m5xv3re4-6fb4ec647a3f4c73d150710339238783 .av-image-caption-overlay-center{\ncolor:#ffffff;\n}\n<\/style>\n<div  class='avia-image-container av-m5xv3re4-6fb4ec647a3f4c73d150710339238783 av-styling- avia-align-right  avia-builder-el-3  avia-builder-el-no-sibling  av-custom-positioned av-custom-transform'   itemprop=\"image\" itemscope=\"itemscope\" itemtype=\"https:\/\/schema.org\/ImageObject\" ><div class=\"avia-image-container-inner\"><div class=\"avia-image-overlay-wrap\"><img decoding=\"async\" fetchpriority=\"high\" class='wp-image-19948 avia-img-lazy-loading-not-19948 avia_image ' src=\"https:\/\/i0.wp.com\/inerciadigital.com\/wp-content\/uploads\/2025\/01\/pointing.gif?fit=498%2C422&ssl=1\" alt='' title='pointing'  height=\"422\" width=\"498\"  itemprop=\"thumbnailUrl\"  \/><\/div><\/div><\/div><\/div>\n<div  class='flex_column av-av_three_fourth-3b0d446bf9e6f7db91541aa567be4cdf av_three_fourth  avia-builder-el-4  el_after_av_one_fourth  el_before_av_section  avia-builder-el-last  flex_column_div  '     ><div  class='avia-button-wrap av-m5pafqvk-8aa5b361d4873fea04d22781d04be333-wrap avia-button-left  avia-builder-el-5  avia-builder-el-no-sibling '>\n<style type=\"text\/css\" data-created_by=\"avia_inline_auto\" id=\"style-css-av-m5pafqvk-8aa5b361d4873fea04d22781d04be333\">\n.avia-button-wrap.av-m5pafqvk-8aa5b361d4873fea04d22781d04be333-wrap{\nposition:absolute;\ntop:20px;\n}\n#top #wrap_all .avia-button.av-m5pafqvk-8aa5b361d4873fea04d22781d04be333{\nfont-size:20px;\ntransition:all 0.4s ease-in-out;\n}\n<\/style>\n<a href='https:\/\/inerciadigital.com\/wp-content\/uploads\/2025\/02\/Formacion-para-el-Sector-Educativo.pdf'  class='avia-button av-m5pafqvk-8aa5b361d4873fea04d22781d04be333 av-link-btn avia-icon_select-yes-left-icon avia-size-large avia-position-left avia-color-theme-color'  target=\"_blank\"  rel=\"noopener noreferrer\"  aria-label=\"Cat\u00e1logo Competencias Digitales en la Educaci\u00f3n\"><span class='avia_button_icon avia_button_icon_left avia-iconfont avia-font-entypo-fontello' data-av_icon='\ue84e' data-av_iconfont='entypo-fontello' ><\/span><span class='avia_iconbox_title' >Cat\u00e1logo Competencias Digitales en la Educaci\u00f3n<\/span><\/a><\/div><\/div><\/div><\/div><\/div><!-- close content main div --><\/div><\/div><div id='av_section_2'  class='avia-section av-2ukgjk5-6660e80947c0eef4987fd76500f922c6 main_color avia-section-default avia-no-border-styling  avia-builder-el-6  el_after_av_three_fourth  el_before_av_section  avia-bg-style-scroll container_wrap sidebar_right'  ><div class='container av-section-cont-open' ><div class='template-page content  av-content-small alpha units'><div class='post-entry post-entry-type-page post-entry-13985'><div class='entry-content-wrapper clearfix'>\n\n<style type=\"text\/css\" data-created_by=\"avia_inline_auto\" id=\"style-css-av-6rt93j9-8d6a4f9a95126fe18c6cfe14018a2d1c\">\n.flex_column.av-6rt93j9-8d6a4f9a95126fe18c6cfe14018a2d1c{\nborder-radius:0px 0px 0px 0px;\npadding:0px 0px 0px 0px;\n}\n<\/style>\n<div  class='flex_column av-6rt93j9-8d6a4f9a95126fe18c6cfe14018a2d1c av_two_third  avia-builder-el-7  el_before_av_one_third  avia-builder-el-first  first flex_column_div av-zero-column-padding  '     ><section  class='av_textblock_section av-kbung542-bff778f426db822ddd20800128299906 '   itemscope=\"itemscope\" itemtype=\"https:\/\/schema.org\/CreativeWork\" ><div class='avia_textblock'  itemprop=\"text\" ><h4 style=\"text-align: justify;\"><\/h4>\n<p style=\"text-align: justify;\"><span style=\"font-weight: 400;\">Inercia Digital es un centro de formaci\u00f3n experimentado que ofrece en su programa <\/span><b>\u201cEscuela Digital\u201d<\/b><span style=\"font-weight: 400;\"> una variedad de cursos dise\u00f1ados para satisfacer las necesidades del profesorado, formadores\/as y personal de las escuelas y centros educativos de adultos. Nuestros cursos se han dise\u00f1ado espec\u00edficamente para<\/span><b> impulsar la digitalizaci\u00f3n<\/b><span style=\"font-weight: 400;\"> a trav\u00e9s de la mejora de las <\/span><b>competencias digitales <\/b><span style=\"font-weight: 400;\">en la <\/span><b>educaci\u00f3n<\/b><span style=\"font-weight: 400;\">.<\/span><\/p>\n<p style=\"text-align: justify;\"><span style=\"font-weight: 400;\">Si ejerce como <\/span><b>profesional de la educaci\u00f3n, <\/b><span style=\"font-weight: 400;\">y est\u00e1 interesado\/a en conocer y desarrollar las competencias digitales necesarias para abordar el quehacer diario en pleno siglo XXI, puede escribirnos a <\/span><span style=\"text-decoration: underline;\"><strong><a href=\"mailto:formacion@inerciadigital.com\">training@inerciadigital.com<\/a><\/strong><\/span> o directamente pre-registrarse mediante el siguiente bot\u00f3n<span style=\"font-weight: 400;\">. \u00a1Le informaremos encantados!\u00a0 Tambi\u00e9n puede ver cu\u00e1l es el curso de formaci\u00f3n que mejor se ajusta a sus necesidades y expectativas <\/span><span style=\"font-weight: 400;\">clicando aqu\u00ed<\/span><span style=\"font-weight: 400;\">!<\/span><\/p>\n<a href=\"https:\/\/docs.google.com\/forms\/d\/e\/1FAIpQLSeoKc0f8ibX5ZlEQcqstCUX6lAZfsrsZGOVpkj5SYaYxXCMcg\/viewform\" class=\"symple-button default black   \" target=\"_blank\"\" title=\"Visit Site\" style=\"border-radius:3px\" rel=\"\"><span class=\"symple-button-inner\" style=\"border-radius:3px\"><span style=\"font-weight: 400;\">Pre-registrate!<\/span><\/span><\/a>\n<\/div><\/section><\/div>\n<style type=\"text\/css\" data-created_by=\"avia_inline_auto\" id=\"style-css-av-617ni5h-c5c9d85d48d6138361f530858dc0ee91\">\n.flex_column.av-617ni5h-c5c9d85d48d6138361f530858dc0ee91{\nborder-radius:0px 0px 0px 0px;\npadding:0px 0px 0px 0px;\n}\n<\/style>\n<div  class='flex_column av-617ni5h-c5c9d85d48d6138361f530858dc0ee91 av_one_third  avia-builder-el-9  el_after_av_two_third  avia-builder-el-last  flex_column_div av-zero-column-padding  '     ><style type=\"text\/css\" data-created_by=\"avia_inline_auto\" id=\"style-css-av-kbupg8y8-fa8606858bf3bf140e70dbcf335df455\">\n.avia-image-container.av-kbupg8y8-fa8606858bf3bf140e70dbcf335df455 img.avia_image{\nbox-shadow:none;\n}\n.avia-image-container.av-kbupg8y8-fa8606858bf3bf140e70dbcf335df455 .av-image-caption-overlay-center{\ncolor:#ffffff;\n}\n<\/style>\n<div  class='avia-image-container av-kbupg8y8-fa8606858bf3bf140e70dbcf335df455 av-styling- avia-align-center  avia-builder-el-10  avia-builder-el-no-sibling '   itemprop=\"image\" itemscope=\"itemscope\" itemtype=\"https:\/\/schema.org\/ImageObject\" ><div class=\"avia-image-container-inner\"><div class=\"avia-image-overlay-wrap\"><img decoding=\"async\" fetchpriority=\"high\" class='wp-image-16679 avia-img-lazy-loading-not-16679 avia_image ' src=\"https:\/\/i0.wp.com\/inerciadigital.com\/wp-content\/uploads\/2022\/05\/Untitled-design.png?fit=300%2C207&ssl=1\" alt='' title='Untitled design'  height=\"207\" width=\"300\"  itemprop=\"thumbnailUrl\" srcset=\"https:\/\/i0.wp.com\/inerciadigital.com\/wp-content\/uploads\/2022\/05\/Untitled-design.png?w=1493&amp;ssl=1 1493w, https:\/\/i0.wp.com\/inerciadigital.com\/wp-content\/uploads\/2022\/05\/Untitled-design.png?resize=300%2C207&amp;ssl=1 300w, https:\/\/i0.wp.com\/inerciadigital.com\/wp-content\/uploads\/2022\/05\/Untitled-design.png?resize=1030%2C710&amp;ssl=1 1030w, https:\/\/i0.wp.com\/inerciadigital.com\/wp-content\/uploads\/2022\/05\/Untitled-design.png?resize=768%2C529&amp;ssl=1 768w, https:\/\/i0.wp.com\/inerciadigital.com\/wp-content\/uploads\/2022\/05\/Untitled-design.png?resize=705%2C486&amp;ssl=1 705w\" sizes=\"(max-width: 300px) 100vw, 300px\" \/><\/div><\/div><\/div><\/div>\n\n<\/div><\/div><\/div><!-- close content main div --><\/div><\/div><div id='av_section_3'  class='avia-section av-1sftm2z-e709405150ae75484b1e2277d7a44b32 main_color avia-section-default avia-no-border-styling  avia-builder-el-11  el_after_av_section  avia-builder-el-last  avia-bg-style-scroll container_wrap sidebar_right'  ><div class='container av-section-cont-open' ><div class='template-page content  av-content-small alpha units'><div class='post-entry post-entry-type-page post-entry-13985'><div class='entry-content-wrapper clearfix'>\n<div  class='avia-button-wrap avia-button-center  avia-builder-el-12  avia-builder-el-no-sibling '>\n<style type=\"text\/css\" data-created_by=\"avia_inline_auto\" id=\"style-css-av-kbsq9hrc-9e499f336ff1a9859ca9c45881ca4c9e\">\n#top #wrap_all .avia-button.av-kbsq9hrc-9e499f336ff1a9859ca9c45881ca4c9e{\ncolor:#ffffff;\ntransition:all 0.4s ease-in-out;\n}\n#top #wrap_all .avia-button.av-kbsq9hrc-9e499f336ff1a9859ca9c45881ca4c9e:hover{\ncolor:#ffffff;\ntransition:all 0.4s ease-in-out;\n}\n#top #wrap_all .avia-button.av-kbsq9hrc-9e499f336ff1a9859ca9c45881ca4c9e .avia-svg-icon svg:first-child{\nfill:#ffffff;\nstroke:#ffffff;\n}\n#top #wrap_all .avia-button.av-kbsq9hrc-9e499f336ff1a9859ca9c45881ca4c9e:hover .avia-svg-icon svg:first-child{\nfill:#ffffff;\nstroke:#ffffff;\n}\n<\/style>\n<a href='https:\/\/inerciadigital.com\/es\/competencias-digitales-en-la-educacion\/digital-school\/' class='avia-color-theme-color avia-button avia-button-fullwidth av-kbsq9hrc-9e499f336ff1a9859ca9c45881ca4c9e avia-icon_select-yes-left-icon avia-color-theme-color'   aria-label=\"Cursos Escuela Digital\"><span class='avia_button_icon avia_button_icon_left avia-iconfont avia-font-entypo-fontello' data-av_icon='\ue8ab' data-av_iconfont='entypo-fontello' ><\/span><span class='avia_iconbox_title' >Cursos Escuela Digital<\/span><span class='avia_button_background avia-button avia-button-fullwidth avia-color-theme-color-highlight'><\/span><\/a><\/div>\n<\/div><\/div><\/div><!-- close content main div --><\/div><\/div><div id='after_section_3'  class='main_color av_default_container_wrap container_wrap sidebar_right'  ><div class='container av-section-cont-open' ><div class='template-page content  av-content-small alpha units'><div class='post-entry post-entry-type-page post-entry-13985'><div class='entry-content-wrapper clearfix'>\n","protected":false},"excerpt":{"rendered":"","protected":false},"author":965,"featured_media":0,"parent":0,"menu_order":0,"comment_status":"closed","ping_status":"closed","template":"","meta":{"_acf_changed":false,"footnotes":""},"class_list":["post-13985","page","type-page","status-publish","hentry"],"acf":[],"yoast_head":"<!-- This site is optimized with the Yoast SEO plugin v27.1.1 - https:\/\/yoast.com\/product\/yoast-seo-wordpress\/ -->\n<title>Competencias Digitales en la Educaci\u00f3n - Inercia Digital<\/title>\n<meta name=\"description\" content=\"Programa Escuela Digital ofrece cursos dise\u00f1ados para impulsar la digitalizaci\u00f3n y mejorar las competencias digitales en la educaci\u00f3n.\" \/>\n<meta name=\"robots\" content=\"index, follow, max-snippet:-1, max-image-preview:large, max-video-preview:-1\" \/>\n<link rel=\"canonical\" href=\"https:\/\/inerciadigital.com\/es\/competencias-digitales-en-la-educacion\/\" \/>\n<meta property=\"og:locale\" content=\"es_ES\" \/>\n<meta property=\"og:type\" content=\"article\" \/>\n<meta property=\"og:title\" content=\"Competencias Digitales en la Educaci\u00f3n - Inercia Digital\" \/>\n<meta property=\"og:description\" content=\"Programa Escuela Digital ofrece cursos dise\u00f1ados para impulsar la digitalizaci\u00f3n y mejorar las competencias digitales en la educaci\u00f3n.\" \/>\n<meta property=\"og:url\" content=\"https:\/\/inerciadigital.com\/es\/competencias-digitales-en-la-educacion\/\" \/>\n<meta property=\"og:site_name\" content=\"Inercia Digital\" \/>\n<meta property=\"article:publisher\" content=\"https:\/\/www.facebook.com\/inerciadigital\/\" \/>\n<meta property=\"article:modified_time\" content=\"2025-02-18T09:28:28+00:00\" \/>\n<meta name=\"twitter:card\" content=\"summary_large_image\" \/>\n<meta name=\"twitter:site\" content=\"@InerciaDigital\" \/>\n<meta name=\"twitter:label1\" content=\"Tiempo de lectura\" \/>\n\t<meta name=\"twitter:data1\" content=\"1 minuto\" \/>\n<script type=\"application\/ld+json\" class=\"yoast-schema-graph\">{\"@context\":\"https:\/\/schema.org\",\"@graph\":[{\"@type\":\"WebPage\",\"@id\":\"https:\/\/inerciadigital.com\/es\/competencias-digitales-en-la-educacion\/\",\"url\":\"https:\/\/inerciadigital.com\/es\/competencias-digitales-en-la-educacion\/\",\"name\":\"Competencias Digitales en la Educaci\u00f3n - Inercia Digital\",\"isPartOf\":{\"@id\":\"https:\/\/inerciadigital.com\/es\/#website\"},\"datePublished\":\"2020-06-25T01:24:35+00:00\",\"dateModified\":\"2025-02-18T09:28:28+00:00\",\"description\":\"Programa Escuela Digital ofrece cursos dise\u00f1ados para impulsar la digitalizaci\u00f3n y mejorar las competencias digitales en la educaci\u00f3n.\",\"breadcrumb\":{\"@id\":\"https:\/\/inerciadigital.com\/es\/competencias-digitales-en-la-educacion\/#breadcrumb\"},\"inLanguage\":\"es\",\"potentialAction\":[{\"@type\":\"ReadAction\",\"target\":[\"https:\/\/inerciadigital.com\/es\/competencias-digitales-en-la-educacion\/\"]}]},{\"@type\":\"BreadcrumbList\",\"@id\":\"https:\/\/inerciadigital.com\/es\/competencias-digitales-en-la-educacion\/#breadcrumb\",\"itemListElement\":[{\"@type\":\"ListItem\",\"position\":1,\"name\":\"Home\",\"item\":\"https:\/\/inerciadigital.com\/es\/inicio\/\"},{\"@type\":\"ListItem\",\"position\":2,\"name\":\"Competencias Digitales en la Educaci\u00f3n\"}]},{\"@type\":\"WebSite\",\"@id\":\"https:\/\/inerciadigital.com\/es\/#website\",\"url\":\"https:\/\/inerciadigital.com\/es\/\",\"name\":\"Inercia Digital\",\"description\":\"Impulsa tus competencias digitales\",\"publisher\":{\"@id\":\"https:\/\/inerciadigital.com\/es\/#organization\"},\"potentialAction\":[{\"@type\":\"SearchAction\",\"target\":{\"@type\":\"EntryPoint\",\"urlTemplate\":\"https:\/\/inerciadigital.com\/es\/?s={search_term_string}\"},\"query-input\":{\"@type\":\"PropertyValueSpecification\",\"valueRequired\":true,\"valueName\":\"search_term_string\"}}],\"inLanguage\":\"es\"},{\"@type\":\"Organization\",\"@id\":\"https:\/\/inerciadigital.com\/es\/#organization\",\"name\":\"Inercia Digital\",\"url\":\"https:\/\/inerciadigital.com\/es\/\",\"logo\":{\"@type\":\"ImageObject\",\"inLanguage\":\"es\",\"@id\":\"https:\/\/inerciadigital.com\/es\/#\/schema\/logo\/image\/\",\"url\":\"https:\/\/inerciadigital.com\/wp-content\/uploads\/2018\/11\/transparente.png\",\"contentUrl\":\"https:\/\/inerciadigital.com\/wp-content\/uploads\/2018\/11\/transparente.png\",\"width\":6899,\"height\":4299,\"caption\":\"Inercia Digital\"},\"image\":{\"@id\":\"https:\/\/inerciadigital.com\/es\/#\/schema\/logo\/image\/\"},\"sameAs\":[\"https:\/\/www.facebook.com\/inerciadigital\/\",\"https:\/\/x.com\/InerciaDigital\",\"https:\/\/www.instagram.com\/inerciadigital.s.l\/?hl=es\",\"https:\/\/www.linkedin.com\/company\/inercia-digital\/\",\"https:\/\/www.pinterest.es\/Inerciaxdigital\/\",\"https:\/\/www.youtube.com\/user\/InerciaDigitalSL\"]}]}<\/script>\n<!-- \/ Yoast SEO plugin. -->","yoast_head_json":{"title":"Competencias Digitales en la Educaci\u00f3n - Inercia Digital","description":"Programa Escuela Digital ofrece cursos dise\u00f1ados para impulsar la digitalizaci\u00f3n y mejorar las competencias digitales en la educaci\u00f3n.","robots":{"index":"index","follow":"follow","max-snippet":"max-snippet:-1","max-image-preview":"max-image-preview:large","max-video-preview":"max-video-preview:-1"},"canonical":"https:\/\/inerciadigital.com\/es\/competencias-digitales-en-la-educacion\/","og_locale":"es_ES","og_type":"article","og_title":"Competencias Digitales en la Educaci\u00f3n - Inercia Digital","og_description":"Programa Escuela Digital ofrece cursos dise\u00f1ados para impulsar la digitalizaci\u00f3n y mejorar las competencias digitales en la educaci\u00f3n.","og_url":"https:\/\/inerciadigital.com\/es\/competencias-digitales-en-la-educacion\/","og_site_name":"Inercia Digital","article_publisher":"https:\/\/www.facebook.com\/inerciadigital\/","article_modified_time":"2025-02-18T09:28:28+00:00","twitter_card":"summary_large_image","twitter_site":"@InerciaDigital","twitter_misc":{"Tiempo de lectura":"1 minuto"},"schema":{"@context":"https:\/\/schema.org","@graph":[{"@type":"WebPage","@id":"https:\/\/inerciadigital.com\/es\/competencias-digitales-en-la-educacion\/","url":"https:\/\/inerciadigital.com\/es\/competencias-digitales-en-la-educacion\/","name":"Competencias Digitales en la Educaci\u00f3n - Inercia Digital","isPartOf":{"@id":"https:\/\/inerciadigital.com\/es\/#website"},"datePublished":"2020-06-25T01:24:35+00:00","dateModified":"2025-02-18T09:28:28+00:00","description":"Programa Escuela Digital ofrece cursos dise\u00f1ados para impulsar la digitalizaci\u00f3n y mejorar las competencias digitales en la educaci\u00f3n.","breadcrumb":{"@id":"https:\/\/inerciadigital.com\/es\/competencias-digitales-en-la-educacion\/#breadcrumb"},"inLanguage":"es","potentialAction":[{"@type":"ReadAction","target":["https:\/\/inerciadigital.com\/es\/competencias-digitales-en-la-educacion\/"]}]},{"@type":"BreadcrumbList","@id":"https:\/\/inerciadigital.com\/es\/competencias-digitales-en-la-educacion\/#breadcrumb","itemListElement":[{"@type":"ListItem","position":1,"name":"Home","item":"https:\/\/inerciadigital.com\/es\/inicio\/"},{"@type":"ListItem","position":2,"name":"Competencias Digitales en la Educaci\u00f3n"}]},{"@type":"WebSite","@id":"https:\/\/inerciadigital.com\/es\/#website","url":"https:\/\/inerciadigital.com\/es\/","name":"Inercia Digital","description":"Impulsa tus competencias digitales","publisher":{"@id":"https:\/\/inerciadigital.com\/es\/#organization"},"potentialAction":[{"@type":"SearchAction","target":{"@type":"EntryPoint","urlTemplate":"https:\/\/inerciadigital.com\/es\/?s={search_term_string}"},"query-input":{"@type":"PropertyValueSpecification","valueRequired":true,"valueName":"search_term_string"}}],"inLanguage":"es"},{"@type":"Organization","@id":"https:\/\/inerciadigital.com\/es\/#organization","name":"Inercia Digital","url":"https:\/\/inerciadigital.com\/es\/","logo":{"@type":"ImageObject","inLanguage":"es","@id":"https:\/\/inerciadigital.com\/es\/#\/schema\/logo\/image\/","url":"https:\/\/inerciadigital.com\/wp-content\/uploads\/2018\/11\/transparente.png","contentUrl":"https:\/\/inerciadigital.com\/wp-content\/uploads\/2018\/11\/transparente.png","width":6899,"height":4299,"caption":"Inercia Digital"},"image":{"@id":"https:\/\/inerciadigital.com\/es\/#\/schema\/logo\/image\/"},"sameAs":["https:\/\/www.facebook.com\/inerciadigital\/","https:\/\/x.com\/InerciaDigital","https:\/\/www.instagram.com\/inerciadigital.s.l\/?hl=es","https:\/\/www.linkedin.com\/company\/inercia-digital\/","https:\/\/www.pinterest.es\/Inerciaxdigital\/","https:\/\/www.youtube.com\/user\/InerciaDigitalSL"]}]}},"jetpack_shortlink":"https:\/\/wp.me\/Pc4934-3Dz","jetpack_sharing_enabled":true,"_links":{"self":[{"href":"https:\/\/inerciadigital.com\/es\/wp-json\/wp\/v2\/pages\/13985","targetHints":{"allow":["GET"]}}],"collection":[{"href":"https:\/\/inerciadigital.com\/es\/wp-json\/wp\/v2\/pages"}],"about":[{"href":"https:\/\/inerciadigital.com\/es\/wp-json\/wp\/v2\/types\/page"}],"author":[{"embeddable":true,"href":"https:\/\/inerciadigital.com\/es\/wp-json\/wp\/v2\/users\/965"}],"replies":[{"embeddable":true,"href":"https:\/\/inerciadigital.com\/es\/wp-json\/wp\/v2\/comments?post=13985"}],"version-history":[{"count":32,"href":"https:\/\/inerciadigital.com\/es\/wp-json\/wp\/v2\/pages\/13985\/revisions"}],"predecessor-version":[{"id":20141,"href":"https:\/\/inerciadigital.com\/es\/wp-json\/wp\/v2\/pages\/13985\/revisions\/20141"}],"wp:attachment":[{"href":"https:\/\/inerciadigital.com\/es\/wp-json\/wp\/v2\/media?parent=13985"}],"curies":[{"name":"wp","href":"https:\/\/api.w.org\/{rel}","templated":true}]}}