{"id":11002,"date":"2020-05-29T14:06:38","date_gmt":"2020-05-29T12:06:38","guid":{"rendered":"https:\/\/inerciadigital.com\/?page_id=11002"},"modified":"2024-03-22T13:37:38","modified_gmt":"2024-03-22T12:37:38","slug":"consultoria","status":"publish","type":"page","link":"https:\/\/inerciadigital.com\/es\/consultoria\/","title":{"rendered":"Consultor\u00eda"},"content":{"rendered":"<div id='full_slider_1'  class='avia-fullwidth-slider main_color avia-shadow   avia-builder-el-0  el_before_av_section  avia-builder-el-first   container_wrap sidebar_right'  ><div  class='avia-slideshow av-kas5s7g5-e43acf743c034908bc685d9d9545a482 avia-slideshow-no scaling av_slideshow_full avia-slide-slider av-slideshow-ui av-control-default av-slideshow-manual av-loop-once av-loop-manual-endless av-default-height-applied   avia-slideshow-1' data-slideshow-options=\"{&quot;animation&quot;:&quot;slide&quot;,&quot;autoplay&quot;:false,&quot;loop_autoplay&quot;:&quot;once&quot;,&quot;interval&quot;:3,&quot;loop_manual&quot;:&quot;manual-endless&quot;,&quot;autoplay_stopper&quot;:false,&quot;noNavigation&quot;:false,&quot;bg_slider&quot;:false,&quot;keep_padding&quot;:false,&quot;hoverpause&quot;:false,&quot;show_slide_delay&quot;:0}\"  itemprop=\"image\" itemscope=\"itemscope\" itemtype=\"https:\/\/schema.org\/ImageObject\" ><ul class='avia-slideshow-inner ' style='padding-bottom: 24.4327176781%;'><li  class='avia-slideshow-slide av-kas5s7g5-e43acf743c034908bc685d9d9545a482__0  av-single-slide slide-1 slide-odd'><div data-rel='slideshow-1' class='avia-slide-wrap '   ><img data-recalc-dims=\"1\" decoding=\"async\" fetchpriority=\"high\" class=\"wp-image-16567 avia-img-lazy-loading-not-16567\"  src=\"https:\/\/i0.wp.com\/inerciadigital.com\/wp-content\/uploads\/2022\/04\/Consultoria-nuevo.png?resize=1500%2C366&#038;ssl=1\" width=\"1500\" height=\"366\" title='Consultor\u00eda (nuevo)' alt=''  itemprop=\"thumbnailUrl\" srcset=\"https:\/\/i0.wp.com\/inerciadigital.com\/wp-content\/uploads\/2022\/04\/Consultoria-nuevo.png?w=1895&amp;ssl=1 1895w, https:\/\/i0.wp.com\/inerciadigital.com\/wp-content\/uploads\/2022\/04\/Consultoria-nuevo.png?resize=300%2C73&amp;ssl=1 300w, https:\/\/i0.wp.com\/inerciadigital.com\/wp-content\/uploads\/2022\/04\/Consultoria-nuevo.png?resize=1030%2C252&amp;ssl=1 1030w, https:\/\/i0.wp.com\/inerciadigital.com\/wp-content\/uploads\/2022\/04\/Consultoria-nuevo.png?resize=768%2C188&amp;ssl=1 768w, https:\/\/i0.wp.com\/inerciadigital.com\/wp-content\/uploads\/2022\/04\/Consultoria-nuevo.png?resize=1536%2C375&amp;ssl=1 1536w, https:\/\/i0.wp.com\/inerciadigital.com\/wp-content\/uploads\/2022\/04\/Consultoria-nuevo.png?resize=1500%2C366&amp;ssl=1 1500w, https:\/\/i0.wp.com\/inerciadigital.com\/wp-content\/uploads\/2022\/04\/Consultoria-nuevo.png?resize=705%2C172&amp;ssl=1 705w\" sizes=\"(max-width: 1500px) 100vw, 1500px\" \/><\/div><\/li><\/ul><\/div><\/div>\n\n<style type=\"text\/css\" data-created_by=\"avia_inline_auto\" id=\"style-css-av-11202ii-5d42f1f49ec8a1d4571574f664d790bc\">\n.avia-section.av-11202ii-5d42f1f49ec8a1d4571574f664d790bc{\nbackground-color:#ffffff;\nbackground-image:unset;\n}\n<\/style>\n<div id='av_section_1'  class='avia-section av-11202ii-5d42f1f49ec8a1d4571574f664d790bc alternate_color avia-section-default avia-no-border-styling  avia-builder-el-1  el_after_av_slideshow_full  el_before_av_section  avia-bg-style-scroll container_wrap sidebar_right'  ><div class='container av-section-cont-open' ><div class='template-page content  av-content-small alpha units'><div class='post-entry post-entry-type-page post-entry-11002'><div class='entry-content-wrapper clearfix'>\n\n<style type=\"text\/css\" data-created_by=\"avia_inline_auto\" id=\"style-css-av-mbiuii-c3ea23bc214bb50a25422ea0456d12c1\">\n#top .av_textblock_section.av-mbiuii-c3ea23bc214bb50a25422ea0456d12c1 .avia_textblock{\ncolor:#000000;\n}\n<\/style>\n<section  class='av_textblock_section av-mbiuii-c3ea23bc214bb50a25422ea0456d12c1 '   itemscope=\"itemscope\" itemtype=\"https:\/\/schema.org\/CreativeWork\" ><div class='avia_textblock av_inherit_color'  itemprop=\"text\" ><p style=\"text-align: justify;\"><span style=\"font-weight: 400;\">Gracias a nuestro personal cualificado y competente, a nuestra amplia experiencia en gesti\u00f3n de proyectos educativos europeos y a nuestras instalaciones de formaci\u00f3n, Inercia Digital se siente orgullosa de ofrecer sus servicios altamente especializados como <\/span><b>consultores de proyectos educativos europeos <\/b><span style=\"font-weight: 400;\">dentro del programa Erasmus+, habiendo desarrollado y participado en numerosos proyectos Erasmus+ KA2 y KA1 y KA3 as\u00ed como previamente en el\u00a0 Programa de Aprendizaje Permanente.<\/span><\/p>\n<\/div><\/section>\n\n<\/div><\/div><\/div><!-- close content main div --><\/div><\/div><div id='av_section_2'  class='avia-section av-9uwz33u-6547766d2ecf4900c4c83d42b144654e main_color avia-section-default avia-no-border-styling  avia-builder-el-3  el_after_av_section  avia-builder-el-last  avia-bg-style-scroll container_wrap sidebar_right'  ><div class='container av-section-cont-open' ><div class='template-page content  av-content-small alpha units'><div class='post-entry post-entry-type-page post-entry-11002'><div class='entry-content-wrapper clearfix'>\n<section  class='av_textblock_section av-kas5y0r9-0dccd2caaf61475b4e86afb2a16c54f0 '   itemscope=\"itemscope\" itemtype=\"https:\/\/schema.org\/CreativeWork\" ><div class='avia_textblock'  itemprop=\"text\" ><p><span style=\"font-weight: 400;\">En Inercia Digital somos conscientes de la dificultad que supone la gesti\u00f3n de un proyecto educativo europeo as\u00ed como la gesti\u00f3n de este una vez ha sido aprobado. Por ello le ayudamos a: <\/span><\/p>\n<\/div><\/section>\n\n<style type=\"text\/css\" data-created_by=\"avia_inline_auto\" id=\"style-css-av-9iqs1ve-bb7bfa247a05ead986fde1816d87d56b\">\n.flex_column.av-9iqs1ve-bb7bfa247a05ead986fde1816d87d56b{\nborder-radius:0px 0px 0px 0px;\npadding:0px 0px 0px 0px;\n}\n<\/style>\n<div  class='flex_column av-9iqs1ve-bb7bfa247a05ead986fde1816d87d56b av_one_fifth  avia-builder-el-5  el_after_av_textblock  el_before_av_three_fifth  first flex_column_div av-zero-column-padding  column-top-margin'     ><\/div>\n<style type=\"text\/css\" data-created_by=\"avia_inline_auto\" id=\"style-css-av-930gj96-d24716a961d3f7832fd97b28fb308058\">\n.flex_column.av-930gj96-d24716a961d3f7832fd97b28fb308058{\nborder-radius:0px 0px 0px 0px;\npadding:0px 0px 0px 0px;\n}\n<\/style>\n<div  class='flex_column av-930gj96-d24716a961d3f7832fd97b28fb308058 av_three_fifth  avia-builder-el-6  el_after_av_one_fifth  el_before_av_one_fifth  flex_column_div av-zero-column-padding  column-top-margin'     ><div  class='avia-icon-list-container av-kas63bgv-aaa84c217776044e0aea57f473477544  avia-builder-el-7  avia-builder-el-no-sibling '><ul class='avia-icon-list avia_animate_when_almost_visible avia-icon-list-left av-iconlist-big av-kas63bgv-aaa84c217776044e0aea57f473477544 avia-iconlist-animate'>\n<li><div class='iconlist_icon av-8mpf4sa-13bf3c47b23d918ed81ae7c06ee6dd18 avia-font-entypo-fontello avia-iconfont avia-font-entypo-fontello'><span class='av-icon-char' data-av_icon='\ue84d' data-av_iconfont='entypo-fontello' aria-hidden=\"true\"><\/span><\/div><article class=\"article-icon-entry \"  itemscope=\"itemscope\" itemtype=\"https:\/\/schema.org\/CreativeWork\" ><div class=\"iconlist_content_wrap\"><header class=\"entry-content-header\" aria-label=\"Icon: Redactar...\"><h4 class='av_iconlist_title iconlist_title  '  itemprop=\"headline\" >Redactar...<\/h4><\/header><div class='iconlist_content '  itemprop=\"text\" ><p>&#8230; su proyecto educativo europeo: desde la generaci\u00f3n de ideas y la formaci\u00f3n del consorcio hasta la presentaci\u00f3n de la propuesta.<\/p>\n<\/div><\/div><footer class=\"entry-footer\"><\/footer><\/article><div class=\"iconlist-timeline\"><\/div><\/li>\n<li><div class='iconlist_icon av-7x61kfu-92803be169cbd524385d3acf7b825531 avia-font-entypo-fontello avia-iconfont avia-font-entypo-fontello'><span class='av-icon-char' data-av_icon='\ue851' data-av_iconfont='entypo-fontello' aria-hidden=\"true\"><\/span><\/div><article class=\"article-icon-entry \"  itemscope=\"itemscope\" itemtype=\"https:\/\/schema.org\/CreativeWork\" ><div class=\"iconlist_content_wrap\"><header class=\"entry-content-header\" aria-label=\"Icon: Gestionar...\"><h4 class='av_iconlist_title iconlist_title  '  itemprop=\"headline\" >Gestionar...<\/h4><\/header><div class='iconlist_content '  itemprop=\"text\" ><p>&#8230; y ejecutar su proyecto europeo: desde la gesti\u00f3n t\u00e9cnica, financiera y administrativa hasta el seguimiento, evaluaci\u00f3n, comunicaci\u00f3n y asistencia en auditor\u00eda.<\/p>\n<\/div><\/div><footer class=\"entry-footer\"><\/footer><\/article><div class=\"iconlist-timeline\"><\/div><\/li>\n<li><div class='iconlist_icon av-7ikoo8q-cdd847156af6c72182b7e77d80e747a2 avia-font-entypo-fontello avia-iconfont avia-font-entypo-fontello'><span class='av-icon-char' data-av_icon='\ue8c9' data-av_iconfont='entypo-fontello' aria-hidden=\"true\"><\/span><\/div><article class=\"article-icon-entry \"  itemscope=\"itemscope\" itemtype=\"https:\/\/schema.org\/CreativeWork\" ><div class=\"iconlist_content_wrap\"><header class=\"entry-content-header\" aria-label=\"Icon: Obtener formaci\u00f3n...\"><h4 class='av_iconlist_title iconlist_title  '  itemprop=\"headline\" >Obtener formaci\u00f3n...<\/h4><\/header><div class='iconlist_content '  itemprop=\"text\" ><p>&#8230; en cursos sobre Financiaci\u00f3n y Programas Educativos Europeos: desde cursos y seminarios hasta talleres pr\u00e1cticos dirigidos a t\u00e9cnicos de entidades p\u00fablicas y privadas.<\/p>\n<\/div><\/div><footer class=\"entry-footer\"><\/footer><\/article><div class=\"iconlist-timeline\"><\/div><\/li>\n<\/ul><\/div><\/div>\n<style type=\"text\/css\" data-created_by=\"avia_inline_auto\" id=\"style-css-av-7210hi2-ca74ece1000cfe41777299cd7c1b74b6\">\n.flex_column.av-7210hi2-ca74ece1000cfe41777299cd7c1b74b6{\nborder-radius:0px 0px 0px 0px;\npadding:0px 0px 0px 0px;\n}\n<\/style>\n<div  class='flex_column av-7210hi2-ca74ece1000cfe41777299cd7c1b74b6 av_one_fifth  avia-builder-el-8  el_after_av_three_fifth  el_before_av_textblock  flex_column_div av-zero-column-padding  column-top-margin'     ><\/div><section  class='av_textblock_section av-kas658l8-960b5f35fb512ebcdc799726cdb4e757 '   itemscope=\"itemscope\" itemtype=\"https:\/\/schema.org\/CreativeWork\" ><div class='avia_textblock'  itemprop=\"text\" ><p style=\"text-align: justify;\"><span style=\"font-weight: 400;\">Ponemos a disposici\u00f3n de tu organizaci\u00f3n (sea empresa, centro educativo, asociaci\u00f3n, etc.) nuestro conocimiento especializado en solicitud y ejecuci\u00f3n de proyectos europeos educativos\u00a0 de desarrollo de innovaci\u00f3n Erasmus+.\u00a0<\/span><\/p>\n<p style=\"text-align: justify;\"><span style=\"font-weight: 400;\">Si est\u00e1s interesado\/a en nuestros servicios de\u00a0 consultor\u00eda por favor, env\u00edanos un correo electr\u00f3nico a: <\/span><span style=\"text-decoration: underline;\"><strong><a href=\"mailto:innovation@inerciadigital.com\">innovation@inerciadigital.com<\/a><\/strong><\/span><\/p>\n<\/div><\/section>\n<\/div><\/div><\/div><!-- close content main div --><\/div><\/div><div id='after_section_2'  class='main_color av_default_container_wrap container_wrap sidebar_right'  ><div class='container av-section-cont-open' ><div class='template-page content  av-content-small alpha units'><div class='post-entry post-entry-type-page post-entry-11002'><div class='entry-content-wrapper clearfix'>\n","protected":false},"excerpt":{"rendered":"","protected":false},"author":965,"featured_media":0,"parent":0,"menu_order":0,"comment_status":"closed","ping_status":"closed","template":"","meta":{"_acf_changed":false,"footnotes":""},"class_list":["post-11002","page","type-page","status-publish","hentry"],"acf":[],"yoast_head":"<!-- This site is optimized with the Yoast SEO plugin v27.1.1 - https:\/\/yoast.com\/product\/yoast-seo-wordpress\/ -->\n<title>Consultor\u00eda - Inercia Digital<\/title>\n<meta name=\"description\" content=\"Servicio de asesor\u00eda y consulta de proyectos educativos europeos dentro del programa Erasmus+ para proyectos KA1, KA2 y KA3.\" \/>\n<meta name=\"robots\" content=\"index, follow, max-snippet:-1, max-image-preview:large, max-video-preview:-1\" \/>\n<link rel=\"canonical\" href=\"https:\/\/inerciadigital.com\/es\/consultoria\/\" \/>\n<meta property=\"og:locale\" content=\"es_ES\" \/>\n<meta property=\"og:type\" content=\"article\" \/>\n<meta property=\"og:title\" content=\"Consultor\u00eda - Inercia Digital\" \/>\n<meta property=\"og:description\" content=\"Servicio de asesor\u00eda y consulta de proyectos educativos europeos dentro del programa Erasmus+ para proyectos KA1, KA2 y KA3.\" \/>\n<meta property=\"og:url\" content=\"https:\/\/inerciadigital.com\/es\/consultoria\/\" \/>\n<meta property=\"og:site_name\" content=\"Inercia Digital\" \/>\n<meta property=\"article:publisher\" content=\"https:\/\/www.facebook.com\/inerciadigital\/\" \/>\n<meta property=\"article:modified_time\" content=\"2024-03-22T12:37:38+00:00\" \/>\n<meta name=\"twitter:card\" content=\"summary_large_image\" \/>\n<meta name=\"twitter:site\" content=\"@InerciaDigital\" \/>\n<meta name=\"twitter:label1\" content=\"Tiempo de lectura\" \/>\n\t<meta name=\"twitter:data1\" content=\"2 minutos\" \/>\n<script type=\"application\/ld+json\" class=\"yoast-schema-graph\">{\"@context\":\"https:\/\/schema.org\",\"@graph\":[{\"@type\":\"WebPage\",\"@id\":\"https:\/\/inerciadigital.com\/es\/consultoria\/\",\"url\":\"https:\/\/inerciadigital.com\/es\/consultoria\/\",\"name\":\"Consultor\u00eda - Inercia Digital\",\"isPartOf\":{\"@id\":\"https:\/\/inerciadigital.com\/es\/#website\"},\"datePublished\":\"2020-05-29T12:06:38+00:00\",\"dateModified\":\"2024-03-22T12:37:38+00:00\",\"description\":\"Servicio de asesor\u00eda y consulta de proyectos educativos europeos dentro del programa Erasmus+ para proyectos KA1, KA2 y KA3.\",\"breadcrumb\":{\"@id\":\"https:\/\/inerciadigital.com\/es\/consultoria\/#breadcrumb\"},\"inLanguage\":\"es\",\"potentialAction\":[{\"@type\":\"ReadAction\",\"target\":[\"https:\/\/inerciadigital.com\/es\/consultoria\/\"]}]},{\"@type\":\"BreadcrumbList\",\"@id\":\"https:\/\/inerciadigital.com\/es\/consultoria\/#breadcrumb\",\"itemListElement\":[{\"@type\":\"ListItem\",\"position\":1,\"name\":\"Home\",\"item\":\"https:\/\/inerciadigital.com\/es\/inicio\/\"},{\"@type\":\"ListItem\",\"position\":2,\"name\":\"Consultor\u00eda\"}]},{\"@type\":\"WebSite\",\"@id\":\"https:\/\/inerciadigital.com\/es\/#website\",\"url\":\"https:\/\/inerciadigital.com\/es\/\",\"name\":\"Inercia Digital\",\"description\":\"Impulsa tus competencias digitales\",\"publisher\":{\"@id\":\"https:\/\/inerciadigital.com\/es\/#organization\"},\"potentialAction\":[{\"@type\":\"SearchAction\",\"target\":{\"@type\":\"EntryPoint\",\"urlTemplate\":\"https:\/\/inerciadigital.com\/es\/?s={search_term_string}\"},\"query-input\":{\"@type\":\"PropertyValueSpecification\",\"valueRequired\":true,\"valueName\":\"search_term_string\"}}],\"inLanguage\":\"es\"},{\"@type\":\"Organization\",\"@id\":\"https:\/\/inerciadigital.com\/es\/#organization\",\"name\":\"Inercia Digital\",\"url\":\"https:\/\/inerciadigital.com\/es\/\",\"logo\":{\"@type\":\"ImageObject\",\"inLanguage\":\"es\",\"@id\":\"https:\/\/inerciadigital.com\/es\/#\/schema\/logo\/image\/\",\"url\":\"https:\/\/inerciadigital.com\/wp-content\/uploads\/2018\/11\/transparente.png\",\"contentUrl\":\"https:\/\/inerciadigital.com\/wp-content\/uploads\/2018\/11\/transparente.png\",\"width\":6899,\"height\":4299,\"caption\":\"Inercia Digital\"},\"image\":{\"@id\":\"https:\/\/inerciadigital.com\/es\/#\/schema\/logo\/image\/\"},\"sameAs\":[\"https:\/\/www.facebook.com\/inerciadigital\/\",\"https:\/\/x.com\/InerciaDigital\",\"https:\/\/www.instagram.com\/inerciadigital.s.l\/?hl=es\",\"https:\/\/www.linkedin.com\/company\/inercia-digital\/\",\"https:\/\/www.pinterest.es\/Inerciaxdigital\/\",\"https:\/\/www.youtube.com\/user\/InerciaDigitalSL\"]}]}<\/script>\n<!-- \/ Yoast SEO plugin. -->","yoast_head_json":{"title":"Consultor\u00eda - Inercia Digital","description":"Servicio de asesor\u00eda y consulta de proyectos educativos europeos dentro del programa Erasmus+ para proyectos KA1, KA2 y KA3.","robots":{"index":"index","follow":"follow","max-snippet":"max-snippet:-1","max-image-preview":"max-image-preview:large","max-video-preview":"max-video-preview:-1"},"canonical":"https:\/\/inerciadigital.com\/es\/consultoria\/","og_locale":"es_ES","og_type":"article","og_title":"Consultor\u00eda - Inercia Digital","og_description":"Servicio de asesor\u00eda y consulta de proyectos educativos europeos dentro del programa Erasmus+ para proyectos KA1, KA2 y KA3.","og_url":"https:\/\/inerciadigital.com\/es\/consultoria\/","og_site_name":"Inercia Digital","article_publisher":"https:\/\/www.facebook.com\/inerciadigital\/","article_modified_time":"2024-03-22T12:37:38+00:00","twitter_card":"summary_large_image","twitter_site":"@InerciaDigital","twitter_misc":{"Tiempo de lectura":"2 minutos"},"schema":{"@context":"https:\/\/schema.org","@graph":[{"@type":"WebPage","@id":"https:\/\/inerciadigital.com\/es\/consultoria\/","url":"https:\/\/inerciadigital.com\/es\/consultoria\/","name":"Consultor\u00eda - Inercia Digital","isPartOf":{"@id":"https:\/\/inerciadigital.com\/es\/#website"},"datePublished":"2020-05-29T12:06:38+00:00","dateModified":"2024-03-22T12:37:38+00:00","description":"Servicio de asesor\u00eda y consulta de proyectos educativos europeos dentro del programa Erasmus+ para proyectos KA1, KA2 y KA3.","breadcrumb":{"@id":"https:\/\/inerciadigital.com\/es\/consultoria\/#breadcrumb"},"inLanguage":"es","potentialAction":[{"@type":"ReadAction","target":["https:\/\/inerciadigital.com\/es\/consultoria\/"]}]},{"@type":"BreadcrumbList","@id":"https:\/\/inerciadigital.com\/es\/consultoria\/#breadcrumb","itemListElement":[{"@type":"ListItem","position":1,"name":"Home","item":"https:\/\/inerciadigital.com\/es\/inicio\/"},{"@type":"ListItem","position":2,"name":"Consultor\u00eda"}]},{"@type":"WebSite","@id":"https:\/\/inerciadigital.com\/es\/#website","url":"https:\/\/inerciadigital.com\/es\/","name":"Inercia Digital","description":"Impulsa tus competencias digitales","publisher":{"@id":"https:\/\/inerciadigital.com\/es\/#organization"},"potentialAction":[{"@type":"SearchAction","target":{"@type":"EntryPoint","urlTemplate":"https:\/\/inerciadigital.com\/es\/?s={search_term_string}"},"query-input":{"@type":"PropertyValueSpecification","valueRequired":true,"valueName":"search_term_string"}}],"inLanguage":"es"},{"@type":"Organization","@id":"https:\/\/inerciadigital.com\/es\/#organization","name":"Inercia Digital","url":"https:\/\/inerciadigital.com\/es\/","logo":{"@type":"ImageObject","inLanguage":"es","@id":"https:\/\/inerciadigital.com\/es\/#\/schema\/logo\/image\/","url":"https:\/\/inerciadigital.com\/wp-content\/uploads\/2018\/11\/transparente.png","contentUrl":"https:\/\/inerciadigital.com\/wp-content\/uploads\/2018\/11\/transparente.png","width":6899,"height":4299,"caption":"Inercia Digital"},"image":{"@id":"https:\/\/inerciadigital.com\/es\/#\/schema\/logo\/image\/"},"sameAs":["https:\/\/www.facebook.com\/inerciadigital\/","https:\/\/x.com\/InerciaDigital","https:\/\/www.instagram.com\/inerciadigital.s.l\/?hl=es","https:\/\/www.linkedin.com\/company\/inercia-digital\/","https:\/\/www.pinterest.es\/Inerciaxdigital\/","https:\/\/www.youtube.com\/user\/InerciaDigitalSL"]}]}},"jetpack_shortlink":"https:\/\/wp.me\/Pc4934-2Rs","jetpack_sharing_enabled":true,"_links":{"self":[{"href":"https:\/\/inerciadigital.com\/es\/wp-json\/wp\/v2\/pages\/11002","targetHints":{"allow":["GET"]}}],"collection":[{"href":"https:\/\/inerciadigital.com\/es\/wp-json\/wp\/v2\/pages"}],"about":[{"href":"https:\/\/inerciadigital.com\/es\/wp-json\/wp\/v2\/types\/page"}],"author":[{"embeddable":true,"href":"https:\/\/inerciadigital.com\/es\/wp-json\/wp\/v2\/users\/965"}],"replies":[{"embeddable":true,"href":"https:\/\/inerciadigital.com\/es\/wp-json\/wp\/v2\/comments?post=11002"}],"version-history":[{"count":33,"href":"https:\/\/inerciadigital.com\/es\/wp-json\/wp\/v2\/pages\/11002\/revisions"}],"predecessor-version":[{"id":19190,"href":"https:\/\/inerciadigital.com\/es\/wp-json\/wp\/v2\/pages\/11002\/revisions\/19190"}],"wp:attachment":[{"href":"https:\/\/inerciadigital.com\/es\/wp-json\/wp\/v2\/media?parent=11002"}],"curies":[{"name":"wp","href":"https:\/\/api.w.org\/{rel}","templated":true}]}}